{"id":26726,"date":"2014-05-24T13:51:08","date_gmt":"2014-05-24T11:51:08","guid":{"rendered":"https:\/\/costaricaheaven.com\/warunki-i-zasady\/"},"modified":"2025-07-10T18:51:04","modified_gmt":"2025-07-10T16:51:04","slug":"warunki-i-zasady","status":"publish","type":"page","link":"https:\/\/costaricaheaven.com\/pl\/warunki-i-zasady\/","title":{"rendered":"Warunki i Zasady"},"content":{"rendered":"\t\t<div data-elementor-type=\"wp-page\" data-elementor-id=\"26726\" class=\"elementor elementor-26726 elementor-5275\" data-elementor-post-type=\"page\">\n\t\t\t\t<div class=\"elementor-element elementor-element-32fcf103 e-flex e-con-boxed e-con e-parent\" data-id=\"32fcf103\" data-element_type=\"container\" data-e-type=\"container\">\n\t\t\t\t\t<div class=\"e-con-inner\">\n\t\t\t\t<div class=\"elementor-element elementor-element-1f17b49 elementor-widget elementor-widget-text-editor\" data-id=\"1f17b49\" data-element_type=\"widget\" data-e-type=\"widget\" data-widget_type=\"text-editor.default\">\n\t\t\t\t<div class=\"elementor-widget-container\">\n\t\t\t\t\t\t\t\t\t<p data-start=\"297\" data-end=\"561\">Witamy na VillaggioCostaRica.com, stronie internetowej po\u015bwi\u0119conej promocji i sprzeda\u017cy dzia\u0142ek w wiosce Heaven One w Kostaryce. Przed przyst\u0105pieniem do zakupu lub jakiejkolwiek transakcji prosimy o dok\u0142adne przeczytanie poni\u017cszych Warunk\u00f3w i Zasad.<\/p>\n<p><\/p>\n<p data-start=\"563\" data-end=\"827\" data-is-last-node=\"\" data-is-only-node=\"\">\n\t\t\t\t\t\t\t\t<\/div>\n\t\t\t\t<\/div>\n\t\t\t\t<div class=\"elementor-element elementor-element-52846fa elementor-toc--minimized-on-tablet elementor-widget elementor-widget-table-of-contents\" data-id=\"52846fa\" data-element_type=\"widget\" data-e-type=\"widget\" data-settings=\"{&quot;exclude_headings_by_selector&quot;:[],&quot;headings_by_tags&quot;:[&quot;h2&quot;,&quot;h3&quot;,&quot;h4&quot;,&quot;h5&quot;,&quot;h6&quot;],&quot;marker_view&quot;:&quot;numbers&quot;,&quot;no_headings_message&quot;:&quot;No headings were found on this page.&quot;,&quot;minimize_box&quot;:&quot;yes&quot;,&quot;minimized_on&quot;:&quot;tablet&quot;,&quot;hierarchical_view&quot;:&quot;yes&quot;,&quot;min_height&quot;:{&quot;unit&quot;:&quot;px&quot;,&quot;size&quot;:&quot;&quot;,&quot;sizes&quot;:[]},&quot;min_height_tablet&quot;:{&quot;unit&quot;:&quot;px&quot;,&quot;size&quot;:&quot;&quot;,&quot;sizes&quot;:[]},&quot;min_height_mobile&quot;:{&quot;unit&quot;:&quot;px&quot;,&quot;size&quot;:&quot;&quot;,&quot;sizes&quot;:[]}}\" data-widget_type=\"table-of-contents.default\">\n\t\t\t\t<div class=\"elementor-widget-container\">\n\t\t\t\t\t\t\t\t\t<div class=\"elementor-toc__header\">\n\t\t\t\t\t\t<h4 class=\"elementor-toc__header-title\">\n\t\t\t\tSpis tre\u015bci\t\t\t<\/h4>\n\t\t\t\t\t\t\t\t\t\t<div class=\"elementor-toc__toggle-button elementor-toc__toggle-button--expand\" role=\"button\" tabindex=\"0\" aria-controls=\"elementor-toc__52846fa\" aria-expanded=\"true\" aria-label=\"Open table of contents\"><svg aria-hidden=\"true\" class=\"e-font-icon-svg e-fas-chevron-down\" viewBox=\"0 0 448 512\" xmlns=\"http:\/\/www.w3.org\/2000\/svg\"><path d=\"M207.029 381.476L12.686 187.132c-9.373-9.373-9.373-24.569 0-33.941l22.667-22.667c9.357-9.357 24.522-9.375 33.901-.04L224 284.505l154.745-154.021c9.379-9.335 24.544-9.317 33.901.04l22.667 22.667c9.373 9.373 9.373 24.569 0 33.941L240.971 381.476c-9.373 9.372-24.569 9.372-33.942 0z\"><\/path><\/svg><\/div>\n\t\t\t\t<div class=\"elementor-toc__toggle-button elementor-toc__toggle-button--collapse\" role=\"button\" tabindex=\"0\" aria-controls=\"elementor-toc__52846fa\" aria-expanded=\"true\" aria-label=\"Close table of contents\"><svg aria-hidden=\"true\" class=\"e-font-icon-svg e-fas-chevron-up\" viewBox=\"0 0 448 512\" xmlns=\"http:\/\/www.w3.org\/2000\/svg\"><path d=\"M240.971 130.524l194.343 194.343c9.373 9.373 9.373 24.569 0 33.941l-22.667 22.667c-9.357 9.357-24.522 9.375-33.901.04L224 227.495 69.255 381.516c-9.379 9.335-24.544 9.317-33.901-.04l-22.667-22.667c-9.373-9.373-9.373-24.569 0-33.941L207.03 130.525c9.372-9.373 24.568-9.373 33.941-.001z\"><\/path><\/svg><\/div>\n\t\t\t\t\t<\/div>\n\t\t\t\t<div id=\"elementor-toc__52846fa\" class=\"elementor-toc__body\">\n\t\t\t<div class=\"elementor-toc__spinner-container\">\n\t\t\t\t<svg class=\"elementor-toc__spinner eicon-animation-spin e-font-icon-svg e-eicon-loading\" aria-hidden=\"true\" viewBox=\"0 0 1000 1000\" xmlns=\"http:\/\/www.w3.org\/2000\/svg\"><path d=\"M500 975V858C696 858 858 696 858 500S696 142 500 142 142 304 142 500H25C25 237 238 25 500 25S975 237 975 500 763 975 500 975Z\"><\/path><\/svg>\t\t\t<\/div>\n\t\t<\/div>\n\t\t\t\t\t\t<\/div>\n\t\t\t\t<\/div>\n\t\t\t\t<div class=\"elementor-element elementor-element-66fef76d elementor-widget elementor-widget-text-editor\" data-id=\"66fef76d\" data-element_type=\"widget\" data-e-type=\"widget\" data-widget_type=\"text-editor.default\">\n\t\t\t\t<div class=\"elementor-widget-container\">\n\t\t\t\t\t\t\t\t\t<ol data-start=\"61\" data-end=\"2215\">\r\n \t<li data-start=\"61\" data-end=\"327\">\r\n<p data-start=\"64\" data-end=\"327\"><strong data-start=\"64\" data-end=\"88\">Akceptacja warunk\u00f3w:<\/strong><br data-start=\"88\" data-end=\"91\" \/>Korzystaj\u0105c z naszej strony internetowej, zgadzasz si\u0119 na przestrzeganie niniejszych Warunk\u00f3w i Zasad oraz naszej Polityki Prywatno\u015bci. Je\u015bli nie zgadzasz si\u0119 z kt\u00f3rymkolwiek punktem tych warunk\u00f3w, prosimy nie korzysta\u0107 z naszej strony.<\/p>\r\n<\/li>\r\n \t<li data-start=\"329\" data-end=\"574\">\r\n<p data-start=\"332\" data-end=\"574\"><strong data-start=\"332\" data-end=\"368\">Informacje o Heaven One Village:<\/strong><br data-start=\"368\" data-end=\"371\" \/>VillaggioCostaRica.com promuje sprzeda\u017c dzia\u0142ek zlokalizowanych w wiosce Heaven One w Kostaryce. Dostarczamy szczeg\u00f3\u0142owe informacje o dost\u0119pnych dzia\u0142kach, ich cechach oraz oferowanych us\u0142ugach w wiosce.<\/p>\r\n<\/li>\r\n \t<li data-start=\"576\" data-end=\"894\">\r\n<p data-start=\"579\" data-end=\"894\"><strong data-start=\"579\" data-end=\"594\">Inwestycja:<\/strong><br data-start=\"594\" data-end=\"597\" \/>Ka\u017cdy zakup dzia\u0142ki w Heaven One Village jest traktowany jako inwestycja. Podkre\u015blamy jednak znaczenie konsultacji z zaufanym doradc\u0105 finansowym przed podj\u0119ciem jakichkolwiek inwestycji. Informacje zamieszczone na tej stronie maj\u0105 charakter wy\u0142\u0105cznie informacyjny i nie stanowi\u0105 porady finansowej.<\/p>\r\n<\/li>\r\n \t<li data-start=\"896\" data-end=\"1188\">\r\n<p data-start=\"899\" data-end=\"1188\"><strong data-start=\"899\" data-end=\"916\">Cena dzia\u0142ek:<\/strong><br data-start=\"916\" data-end=\"919\" \/>Cena dzia\u0142ek w Heaven One Village mo\u017ce si\u0119 zmienia\u0107 w czasie. Nale\u017cy pami\u0119ta\u0107, \u017ce ceny mog\u0105 wzrasta\u0107 lub spada\u0107 w zale\u017cno\u015bci od wielu czynnik\u00f3w, w tym popytu na rynku, rozwoju wioski oraz sytuacji gospodarczej na \u015bwiecie. Nie gwarantujemy sta\u0142o\u015bci cen dzia\u0142ek w czasie.<\/p>\r\n<\/li>\r\n \t<li data-start=\"1190\" data-end=\"1435\">\r\n<p data-start=\"1193\" data-end=\"1435\"><strong data-start=\"1193\" data-end=\"1213\">Prawa w\u0142asno\u015bci:<\/strong><br data-start=\"1213\" data-end=\"1216\" \/>Dzia\u0142ki sprzedawane za po\u015brednictwem VillaggioCostaRica.com podlegaj\u0105 normalnym prawom w\u0142asno\u015bci i przepisom obowi\u0105zuj\u0105cym w Kostaryce. Oferujemy pomoc i doradztwo, aby u\u0142atwi\u0107 proces nabywania i przenoszenia w\u0142asno\u015bci.<\/p>\r\n<\/li>\r\n \t<li data-start=\"1437\" data-end=\"1721\">\r\n<p data-start=\"1440\" data-end=\"1721\"><strong data-start=\"1440\" data-end=\"1474\">Zmiany w Warunkach i Zasadach:<\/strong><br data-start=\"1474\" data-end=\"1477\" \/>Zastrzegamy sobie prawo do zmiany niniejszych Warunk\u00f3w i Zasad w dowolnym czasie bez uprzedzenia. Zmiany wchodz\u0105 w \u017cycie natychmiast po ich opublikowaniu na naszej stronie internetowej. Twoim obowi\u0105zkiem jest regularne sprawdzanie aktualizacji.<\/p>\r\n<\/li>\r\n \t<li data-start=\"1723\" data-end=\"1993\">\r\n<p data-start=\"1726\" data-end=\"1993\"><strong data-start=\"1726\" data-end=\"1761\">Ograniczenie odpowiedzialno\u015bci:<\/strong><br data-start=\"1761\" data-end=\"1764\" \/>Nie ponosimy odpowiedzialno\u015bci za jakiekolwiek szkody bezpo\u015brednie, po\u015brednie, specjalne, wynikowe lub przypadkowe powsta\u0142e w zwi\u0105zku z korzystaniem lub niemo\u017cno\u015bci\u0105 korzystania z naszej strony internetowej lub oferowanych us\u0142ug.<\/p>\r\n<\/li>\r\n \t<li data-start=\"1995\" data-end=\"2215\">\r\n<p data-start=\"1998\" data-end=\"2215\"><strong data-start=\"1998\" data-end=\"2017\">Prawo w\u0142a\u015bciwe:<\/strong><br data-start=\"2017\" data-end=\"2020\" \/>Niniejsze Warunki i Zasady podlegaj\u0105 prawu Kostaryki i b\u0119d\u0105 interpretowane zgodnie z tym prawem. Wszelkie spory wynikaj\u0105ce z tych Warunk\u00f3w i Zasad podlegaj\u0105 wy\u0142\u0105cznej jurysdykcji s\u0105d\u00f3w Kostaryki.<\/p>\r\n<\/li>\r\n<\/ol><br><p data-start=\"2217\" data-end=\"2354\">W przypadku pyta\u0144 lub wyja\u015bnie\u0144 dotycz\u0105cych naszych Warunk\u00f3w i Zasad, prosimy o kontakt za po\u015brednictwem naszych kana\u0142\u00f3w obs\u0142ugi klienta.<\/p><br><p data-start=\"2356\" data-end=\"2387\">Ostatnia aktualizacja: maj 2024<\/p>\t\t\t\t\t\t\t\t<\/div>\n\t\t\t\t<\/div>\n\t\t\t\t<div class=\"elementor-element elementor-element-4a8777f elementor-align-center elementor-widget elementor-widget-button\" data-id=\"4a8777f\" data-element_type=\"widget\" data-e-type=\"widget\" data-widget_type=\"button.default\">\n\t\t\t\t<div class=\"elementor-widget-container\">\n\t\t\t\t\t\t\t\t\t<div class=\"elementor-button-wrapper\">\n\t\t\t\t\t<a class=\"elementor-button elementor-button-link elementor-size-sm\" href=\"https:\/\/costaricaheaven.com\/pl\/skontaktuj-sie-z-naszym-dzialem-obslugi-klienta\/\">\n\t\t\t\t\t\t<span class=\"elementor-button-content-wrapper\">\n\t\t\t\t\t\t\t\t\t<span class=\"elementor-button-text\">Kliknij tutaj, aby skontaktowa\u0107 si\u0119 z obs\u0142ug\u0105 klienta.<\/span>\n\t\t\t\t\t<\/span>\n\t\t\t\t\t<\/a>\n\t\t\t\t<\/div>\n\t\t\t\t\t\t\t\t<\/div>\n\t\t\t\t<\/div>\n\t\t\t\t\t<\/div>\n\t\t\t\t<\/div>\n\t\t\t\t<\/div>\n\t\t","protected":false},"excerpt":{"rendered":"<p>Witamy na VillaggioCostaRica.com, stronie internetowej po\u015bwi\u0119conej promocji i sprzeda\u017cy dzia\u0142ek w wiosce Heaven One w Kostaryce. Przed przyst\u0105pieniem do zakupu lub jakiejkolwiek transakcji prosimy o dok\u0142adne przeczytanie poni\u017cszych Warunk\u00f3w i Zasad. Spis tre\u015bci Akceptacja warunk\u00f3w:Korzystaj\u0105c z naszej strony internetowej, zgadzasz si\u0119 na przestrzeganie niniejszych Warunk\u00f3w i Zasad oraz naszej Polityki Prywatno\u015bci. Je\u015bli nie zgadzasz si\u0119 z kt\u00f3rymkolwiek punktem tych warunk\u00f3w, prosimy nie korzysta\u0107 z &#8230;<\/p>\n","protected":false},"author":1,"featured_media":0,"parent":0,"menu_order":0,"comment_status":"closed","ping_status":"closed","template":"page-templates\/terms_conditions.php","meta":{"footnotes":""},"class_list":["post-26726","page","type-page","status-publish","hentry"],"_links":{"self":[{"href":"https:\/\/costaricaheaven.com\/pl\/wp-json\/wp\/v2\/pages\/26726","targetHints":{"allow":["GET"]}}],"collection":[{"href":"https:\/\/costaricaheaven.com\/pl\/wp-json\/wp\/v2\/pages"}],"about":[{"href":"https:\/\/costaricaheaven.com\/pl\/wp-json\/wp\/v2\/types\/page"}],"author":[{"embeddable":true,"href":"https:\/\/costaricaheaven.com\/pl\/wp-json\/wp\/v2\/users\/1"}],"replies":[{"embeddable":true,"href":"https:\/\/costaricaheaven.com\/pl\/wp-json\/wp\/v2\/comments?post=26726"}],"version-history":[{"count":0,"href":"https:\/\/costaricaheaven.com\/pl\/wp-json\/wp\/v2\/pages\/26726\/revisions"}],"wp:attachment":[{"href":"https:\/\/costaricaheaven.com\/pl\/wp-json\/wp\/v2\/media?parent=26726"}],"curies":[{"name":"wp","href":"https:\/\/api.w.org\/{rel}","templated":true}]}}