{"id":26720,"date":"2024-06-26T18:36:43","date_gmt":"2024-06-26T16:36:43","guid":{"rendered":"https:\/\/costaricaheaven.com\/dziekujemy-otrzymalismy-twoje-zgloszenie\/"},"modified":"2025-07-10T18:44:48","modified_gmt":"2025-07-10T16:44:48","slug":"dziekujemy-otrzymalismy-twoje-zgloszenie","status":"publish","type":"page","link":"https:\/\/costaricaheaven.com\/pl\/dziekujemy-otrzymalismy-twoje-zgloszenie\/","title":{"rendered":"Dzi\u0119kujemy! Otrzymali\u015bmy Twoje zg\u0142oszenie."},"content":{"rendered":"\t\t<div data-elementor-type=\"wp-page\" data-elementor-id=\"26720\" class=\"elementor elementor-26720 elementor-24612\" data-elementor-post-type=\"page\">\n\t\t\t\t<div class=\"elementor-element elementor-element-1b94814 e-flex e-con-boxed e-con e-parent\" data-id=\"1b94814\" data-element_type=\"container\" data-e-type=\"container\">\n\t\t\t\t\t<div class=\"e-con-inner\">\n\t\t\t\t<div class=\"elementor-element elementor-element-dc233e1 elementor-alert-success elementor-widget elementor-widget-alert\" data-id=\"dc233e1\" data-element_type=\"widget\" data-e-type=\"widget\" data-widget_type=\"alert.default\">\n\t\t\t\t<div class=\"elementor-widget-container\">\n\t\t\t\t\t\t\t<div class=\"elementor-alert\" role=\"alert\">\n\n\t\t\t\t\t\t<span class=\"elementor-alert-title\">Otrzymali\u015bmy Twoje zg\u0142oszenie.<\/span>\n\t\t\t\n\t\t\t\t\t\t<span class=\"elementor-alert-description\"><p data-start=\"138\" data-end=\"240\">Nasz zesp\u00f3\u0142 przejrzy Twoje zg\u0142oszenie i skontaktuje si\u0119 z Tob\u0105 w ci\u0105gu 2 dni roboczych.<\/p>\n<p><\/p>\n<p data-start=\"242\" data-end=\"335\" data-is-last-node=\"\" data-is-only-node=\"\">\n<\/span>\n\t\t\t\n\t\t\t\t\t\t<button type=\"button\" class=\"elementor-alert-dismiss\" aria-label=\"Dismiss this alert.\">\n\t\t\t\t\t\t\t\t\t<span aria-hidden=\"true\">&times;<\/span>\n\t\t\t\t\t\t\t<\/button>\n\t\t\t\n\t\t<\/div>\n\t\t\t\t\t\t<\/div>\n\t\t\t\t<\/div>\n\t\t\t\t<div class=\"elementor-element elementor-element-c1e5a15 elementor-nav-menu--dropdown-tablet elementor-nav-menu__text-align-aside elementor-nav-menu--toggle elementor-nav-menu--burger elementor-widget elementor-widget-nav-menu\" data-id=\"c1e5a15\" data-element_type=\"widget\" data-e-type=\"widget\" data-settings=\"{&quot;layout&quot;:&quot;horizontal&quot;,&quot;submenu_icon&quot;:{&quot;value&quot;:&quot;&lt;svg aria-hidden=\\&quot;true\\&quot; class=\\&quot;e-font-icon-svg e-fas-caret-down\\&quot; viewBox=\\&quot;0 0 320 512\\&quot; xmlns=\\&quot;http:\\\/\\\/www.w3.org\\\/2000\\\/svg\\&quot;&gt;&lt;path d=\\&quot;M31.3 192h257.3c17.8 0 26.7 21.5 14.1 34.1L174.1 354.8c-7.8 7.8-20.5 7.8-28.3 0L17.2 226.1C4.6 213.5 13.5 192 31.3 192z\\&quot;&gt;&lt;\\\/path&gt;&lt;\\\/svg&gt;&quot;,&quot;library&quot;:&quot;fa-solid&quot;},&quot;toggle&quot;:&quot;burger&quot;}\" data-widget_type=\"nav-menu.default\">\n\t\t\t\t<div class=\"elementor-widget-container\">\n\t\t\t\t\t\t\t\t<nav aria-label=\"Menu\" class=\"elementor-nav-menu--main elementor-nav-menu__container elementor-nav-menu--layout-horizontal e--pointer-underline e--animation-fade\">\n\t\t\t\t<ul id=\"menu-1-c1e5a15\" class=\"elementor-nav-menu\"><li class=\"menu-item menu-item-type-post_type menu-item-object-page menu-item-23933\"><a href=\"https:\/\/costaricaheaven.com\/video-articoli-costa-rica\/\" class=\"elementor-item\">Wideo i artyku\u0142y o Kostaryce<\/a><\/li>\n<li class=\"menu-item menu-item-type-post_type menu-item-object-page menu-item-23934\"><a href=\"https:\/\/costaricaheaven.com\/galleria-foto-e-video\/\" class=\"elementor-item\">Galeria zdj\u0119\u0107 i wideo<\/a><\/li>\n<li class=\"menu-item menu-item-type-taxonomy menu-item-object-category menu-item-23936\"><a href=\"https:\/\/costaricaheaven.com\/video-corso\/\" class=\"elementor-item\">Video Course: How to relocate to Costa Rica<\/a><\/li>\n<li class=\"menu-item menu-item-type-taxonomy menu-item-object-category menu-item-23937\"><a href=\"https:\/\/costaricaheaven.com\/faq\/village\/\" class=\"elementor-item\">Questions about the project Heaven One<\/a><\/li>\n<li class=\"menu-item menu-item-type-taxonomy menu-item-object-category menu-item-23938\"><a href=\"https:\/\/costaricaheaven.com\/faq\/costa-rica\/\" class=\"elementor-item\">Questions about Costa Rica<\/a><\/li>\n<\/ul>\t\t\t<\/nav>\n\t\t\t\t\t<div class=\"elementor-menu-toggle\" role=\"button\" tabindex=\"0\" aria-label=\"Menu Toggle\" aria-expanded=\"false\">\n\t\t\t<svg aria-hidden=\"true\" role=\"presentation\" class=\"elementor-menu-toggle__icon--open e-font-icon-svg e-eicon-menu-bar\" viewBox=\"0 0 1000 1000\" xmlns=\"http:\/\/www.w3.org\/2000\/svg\"><path d=\"M104 333H896C929 333 958 304 958 271S929 208 896 208H104C71 208 42 237 42 271S71 333 104 333ZM104 583H896C929 583 958 554 958 521S929 458 896 458H104C71 458 42 487 42 521S71 583 104 583ZM104 833H896C929 833 958 804 958 771S929 708 896 708H104C71 708 42 737 42 771S71 833 104 833Z\"><\/path><\/svg><svg aria-hidden=\"true\" role=\"presentation\" class=\"elementor-menu-toggle__icon--close e-font-icon-svg e-eicon-close\" viewBox=\"0 0 1000 1000\" xmlns=\"http:\/\/www.w3.org\/2000\/svg\"><path d=\"M742 167L500 408 258 167C246 154 233 150 217 150 196 150 179 158 167 167 154 179 150 196 150 212 150 229 154 242 171 254L408 500 167 742C138 771 138 800 167 829 196 858 225 858 254 829L496 587 738 829C750 842 767 846 783 846 800 846 817 842 829 829 842 817 846 804 846 783 846 767 842 750 829 737L588 500 833 258C863 229 863 200 833 171 804 137 775 137 742 167Z\"><\/path><\/svg>\t\t<\/div>\n\t\t\t\t\t<nav class=\"elementor-nav-menu--dropdown elementor-nav-menu__container\" aria-hidden=\"true\">\n\t\t\t\t<ul id=\"menu-2-c1e5a15\" class=\"elementor-nav-menu\"><li class=\"menu-item menu-item-type-post_type menu-item-object-page menu-item-23933\"><a href=\"https:\/\/costaricaheaven.com\/video-articoli-costa-rica\/\" class=\"elementor-item\" tabindex=\"-1\">Wideo i artyku\u0142y o Kostaryce<\/a><\/li>\n<li class=\"menu-item menu-item-type-post_type menu-item-object-page menu-item-23934\"><a href=\"https:\/\/costaricaheaven.com\/galleria-foto-e-video\/\" class=\"elementor-item\" tabindex=\"-1\">Galeria zdj\u0119\u0107 i wideo<\/a><\/li>\n<li class=\"menu-item menu-item-type-taxonomy menu-item-object-category menu-item-23936\"><a href=\"https:\/\/costaricaheaven.com\/video-corso\/\" class=\"elementor-item\" tabindex=\"-1\">Video Course: How to relocate to Costa Rica<\/a><\/li>\n<li class=\"menu-item menu-item-type-taxonomy menu-item-object-category menu-item-23937\"><a href=\"https:\/\/costaricaheaven.com\/faq\/village\/\" class=\"elementor-item\" tabindex=\"-1\">Questions about the project Heaven One<\/a><\/li>\n<li class=\"menu-item menu-item-type-taxonomy menu-item-object-category menu-item-23938\"><a href=\"https:\/\/costaricaheaven.com\/faq\/costa-rica\/\" class=\"elementor-item\" tabindex=\"-1\">Questions about Costa Rica<\/a><\/li>\n<\/ul>\t\t\t<\/nav>\n\t\t\t\t\t\t<\/div>\n\t\t\t\t<\/div>\n\t\t\t\t<div class=\"elementor-element elementor-element-aba9cc2 elementor-grid-3 elementor-grid-tablet-2 elementor-grid-mobile-1 elementor-posts--thumbnail-top elementor-widget elementor-widget-posts\" data-id=\"aba9cc2\" data-element_type=\"widget\" data-e-type=\"widget\" data-settings=\"{&quot;classic_columns&quot;:&quot;3&quot;,&quot;classic_columns_tablet&quot;:&quot;2&quot;,&quot;classic_columns_mobile&quot;:&quot;1&quot;,&quot;classic_row_gap&quot;:{&quot;unit&quot;:&quot;px&quot;,&quot;size&quot;:35,&quot;sizes&quot;:[]},&quot;classic_row_gap_tablet&quot;:{&quot;unit&quot;:&quot;px&quot;,&quot;size&quot;:&quot;&quot;,&quot;sizes&quot;:[]},&quot;classic_row_gap_mobile&quot;:{&quot;unit&quot;:&quot;px&quot;,&quot;size&quot;:&quot;&quot;,&quot;sizes&quot;:[]}}\" data-widget_type=\"posts.classic\">\n\t\t\t\t<div class=\"elementor-widget-container\">\n\t\t\t\t\t\t\t<div class=\"elementor-posts-container elementor-posts elementor-posts--skin-classic elementor-grid\" role=\"list\">\n\t\t\t\t<article class=\"elementor-post elementor-grid-item post-26888 post type-post status-publish format-standard has-post-thumbnail hentry category-pytania-dotyczace-projektu-heaven-one\" role=\"listitem\">\n\t\t\t\t<a class=\"elementor-post__thumbnail__link\" href=\"https:\/\/costaricaheaven.com\/pl\/pytania-dotyczace-projektu-heaven-one\/wioska-off-grid-inwestycja-przyszlosci\/\" tabindex=\"-1\" >\n\t\t\t<div class=\"elementor-post__thumbnail\"><img fetchpriority=\"high\" decoding=\"async\" width=\"300\" height=\"200\" src=\"https:\/\/costaricaheaven.com\/wp-content\/uploads\/2025\/11\/The-Off-Grid-Village-The-Investment-of-the-Future-300x200.jpg\" class=\"attachment-medium size-medium wp-image-26886\" alt=\"\" srcset=\"https:\/\/costaricaheaven.com\/wp-content\/uploads\/2025\/11\/The-Off-Grid-Village-The-Investment-of-the-Future-300x200.jpg 300w, https:\/\/costaricaheaven.com\/wp-content\/uploads\/2025\/11\/The-Off-Grid-Village-The-Investment-of-the-Future-768x512.jpg 768w, https:\/\/costaricaheaven.com\/wp-content\/uploads\/2025\/11\/The-Off-Grid-Village-The-Investment-of-the-Future-105x70.jpg 105w, https:\/\/costaricaheaven.com\/wp-content\/uploads\/2025\/11\/The-Off-Grid-Village-The-Investment-of-the-Future.jpg 960w\" sizes=\"(max-width: 300px) 100vw, 300px\" \/><\/div>\n\t\t<\/a>\n\t\t\t\t<div class=\"elementor-post__text\">\n\t\t\t\t<h3 class=\"elementor-post__title\">\n\t\t\t<a href=\"https:\/\/costaricaheaven.com\/pl\/pytania-dotyczace-projektu-heaven-one\/wioska-off-grid-inwestycja-przyszlosci\/\" >\n\t\t\t\tWioska off-grid: inwestycja przysz\u0142o\u015bci\t\t\t<\/a>\n\t\t<\/h3>\n\t\t\t\t<\/div>\n\t\t\t\t<\/article>\n\t\t\t\t<article class=\"elementor-post elementor-grid-item post-26785 post type-post status-publish format-standard has-post-thumbnail hentry category-pura-vida-costa-rica-pl\" role=\"listitem\">\n\t\t\t\t<a class=\"elementor-post__thumbnail__link\" href=\"https:\/\/costaricaheaven.com\/pl\/pura-vida-costa-rica-pl\/kostaryka-staje-sie-najwazniejszym-rajem-dla-milionerow-w-ameryce-lacinskiej\/\" tabindex=\"-1\" >\n\t\t\t<div class=\"elementor-post__thumbnail\"><img decoding=\"async\" width=\"300\" height=\"200\" src=\"https:\/\/costaricaheaven.com\/wp-content\/uploads\/2025\/08\/Costa-Rica-in-vetta-e-Boom-di-Milionari-Ecco-perche-e-la-nuova-meta-preferita-in-America-Latina-1-300x200.jpg\" class=\"attachment-medium size-medium wp-image-26771\" alt=\"\" srcset=\"https:\/\/costaricaheaven.com\/wp-content\/uploads\/2025\/08\/Costa-Rica-in-vetta-e-Boom-di-Milionari-Ecco-perche-e-la-nuova-meta-preferita-in-America-Latina-1-300x200.jpg 300w, https:\/\/costaricaheaven.com\/wp-content\/uploads\/2025\/08\/Costa-Rica-in-vetta-e-Boom-di-Milionari-Ecco-perche-e-la-nuova-meta-preferita-in-America-Latina-1-768x512.jpg 768w, https:\/\/costaricaheaven.com\/wp-content\/uploads\/2025\/08\/Costa-Rica-in-vetta-e-Boom-di-Milionari-Ecco-perche-e-la-nuova-meta-preferita-in-America-Latina-1-105x70.jpg 105w, https:\/\/costaricaheaven.com\/wp-content\/uploads\/2025\/08\/Costa-Rica-in-vetta-e-Boom-di-Milionari-Ecco-perche-e-la-nuova-meta-preferita-in-America-Latina-1.jpg 960w\" sizes=\"(max-width: 300px) 100vw, 300px\" \/><\/div>\n\t\t<\/a>\n\t\t\t\t<div class=\"elementor-post__text\">\n\t\t\t\t<h3 class=\"elementor-post__title\">\n\t\t\t<a href=\"https:\/\/costaricaheaven.com\/pl\/pura-vida-costa-rica-pl\/kostaryka-staje-sie-najwazniejszym-rajem-dla-milionerow-w-ameryce-lacinskiej\/\" >\n\t\t\t\tKostaryka staje si\u0119 najwa\u017cniejszym rajem dla milioner\u00f3w w Ameryce \u0141aci\u0144skiej\t\t\t<\/a>\n\t\t<\/h3>\n\t\t\t\t<\/div>\n\t\t\t\t<\/article>\n\t\t\t\t<article class=\"elementor-post elementor-grid-item post-26787 post type-post status-publish format-standard has-post-thumbnail hentry category-pytania-dotyczace-kostaryki\" role=\"listitem\">\n\t\t\t\t<a class=\"elementor-post__thumbnail__link\" href=\"https:\/\/costaricaheaven.com\/pl\/pytania-dotyczace-kostaryki\/%f0%9f%8c%8e-porownanie-kostaryki-wenezueli-ekwadoru-meksyku-i-nikaragui-klimat-polityka-waluta-bezpieczenstwo-i-jakosc-zycia-w-2025-roku\/\" tabindex=\"-1\" >\n\t\t\t<div class=\"elementor-post__thumbnail\"><img decoding=\"async\" width=\"300\" height=\"169\" src=\"https:\/\/costaricaheaven.com\/wp-content\/uploads\/2025\/06\/Dove-si-vive-meglio-300x169.jpg\" class=\"attachment-medium size-medium wp-image-26689\" alt=\"\" srcset=\"https:\/\/costaricaheaven.com\/wp-content\/uploads\/2025\/06\/Dove-si-vive-meglio-300x169.jpg 300w, https:\/\/costaricaheaven.com\/wp-content\/uploads\/2025\/06\/Dove-si-vive-meglio-1024x576.jpg 1024w, https:\/\/costaricaheaven.com\/wp-content\/uploads\/2025\/06\/Dove-si-vive-meglio-768x432.jpg 768w, https:\/\/costaricaheaven.com\/wp-content\/uploads\/2025\/06\/Dove-si-vive-meglio-255x143.jpg 255w, https:\/\/costaricaheaven.com\/wp-content\/uploads\/2025\/06\/Dove-si-vive-meglio-835x467.jpg 835w, https:\/\/costaricaheaven.com\/wp-content\/uploads\/2025\/06\/Dove-si-vive-meglio-1110x623.jpg 1110w, https:\/\/costaricaheaven.com\/wp-content\/uploads\/2025\/06\/Dove-si-vive-meglio.jpg 1280w\" sizes=\"(max-width: 300px) 100vw, 300px\" \/><\/div>\n\t\t<\/a>\n\t\t\t\t<div class=\"elementor-post__text\">\n\t\t\t\t<h3 class=\"elementor-post__title\">\n\t\t\t<a href=\"https:\/\/costaricaheaven.com\/pl\/pytania-dotyczace-kostaryki\/%f0%9f%8c%8e-porownanie-kostaryki-wenezueli-ekwadoru-meksyku-i-nikaragui-klimat-polityka-waluta-bezpieczenstwo-i-jakosc-zycia-w-2025-roku\/\" >\n\t\t\t\t\ud83c\udf0e Por\u00f3wnanie Kostaryki, Wenezueli, Ekwadoru, Meksyku i Nikaragui: klimat, polityka, waluta, bezpiecze\u0144stwo i jako\u015b\u0107 \u017cycia w 2025 roku\t\t\t<\/a>\n\t\t<\/h3>\n\t\t\t\t<\/div>\n\t\t\t\t<\/article>\n\t\t\t\t<article class=\"elementor-post elementor-grid-item post-26789 post type-post status-publish format-standard has-post-thumbnail hentry category-pytania-dotyczace-kostaryki\" role=\"listitem\">\n\t\t\t\t<a class=\"elementor-post__thumbnail__link\" href=\"https:\/\/costaricaheaven.com\/pl\/pytania-dotyczace-kostaryki\/%f0%9f%8c%bf-jak-duzy-powinien-byc-ogrod-aby-uprawiac-warzywa-w-kostaryce\/\" tabindex=\"-1\" >\n\t\t\t<div class=\"elementor-post__thumbnail\"><img loading=\"lazy\" decoding=\"async\" width=\"300\" height=\"169\" src=\"https:\/\/costaricaheaven.com\/wp-content\/uploads\/2025\/06\/orto-in-costa-rica-1-300x169.jpg\" class=\"attachment-medium size-medium wp-image-26686\" alt=\"\" srcset=\"https:\/\/costaricaheaven.com\/wp-content\/uploads\/2025\/06\/orto-in-costa-rica-1-300x169.jpg 300w, https:\/\/costaricaheaven.com\/wp-content\/uploads\/2025\/06\/orto-in-costa-rica-1-1024x576.jpg 1024w, https:\/\/costaricaheaven.com\/wp-content\/uploads\/2025\/06\/orto-in-costa-rica-1-768x432.jpg 768w, https:\/\/costaricaheaven.com\/wp-content\/uploads\/2025\/06\/orto-in-costa-rica-1-255x143.jpg 255w, https:\/\/costaricaheaven.com\/wp-content\/uploads\/2025\/06\/orto-in-costa-rica-1-835x467.jpg 835w, https:\/\/costaricaheaven.com\/wp-content\/uploads\/2025\/06\/orto-in-costa-rica-1-1110x623.jpg 1110w, https:\/\/costaricaheaven.com\/wp-content\/uploads\/2025\/06\/orto-in-costa-rica-1.jpg 1280w\" sizes=\"(max-width: 300px) 100vw, 300px\" \/><\/div>\n\t\t<\/a>\n\t\t\t\t<div class=\"elementor-post__text\">\n\t\t\t\t<h3 class=\"elementor-post__title\">\n\t\t\t<a href=\"https:\/\/costaricaheaven.com\/pl\/pytania-dotyczace-kostaryki\/%f0%9f%8c%bf-jak-duzy-powinien-byc-ogrod-aby-uprawiac-warzywa-w-kostaryce\/\" >\n\t\t\t\t\ud83c\udf3f Jak du\u017cy powinien by\u0107 ogr\u00f3d, aby uprawia\u0107 warzywa w Kostaryce?\t\t\t<\/a>\n\t\t<\/h3>\n\t\t\t\t<\/div>\n\t\t\t\t<\/article>\n\t\t\t\t<article class=\"elementor-post elementor-grid-item post-26788 post type-post status-publish format-standard has-post-thumbnail hentry category-pytania-dotyczace-kostaryki\" role=\"listitem\">\n\t\t\t\t<a class=\"elementor-post__thumbnail__link\" href=\"https:\/\/costaricaheaven.com\/pl\/pytania-dotyczace-kostaryki\/%f0%9f%92%bc-rozpoczecie-dzialalnosci-gospodarczej-w-kostaryce-mozliwosci-sektory-i-korzysci-dla-obcokrajowcow\/\" tabindex=\"-1\" >\n\t\t\t<div class=\"elementor-post__thumbnail\"><img loading=\"lazy\" decoding=\"async\" width=\"300\" height=\"169\" src=\"https:\/\/costaricaheaven.com\/wp-content\/uploads\/2025\/06\/5-300x169.jpg\" class=\"attachment-medium size-medium wp-image-26683\" alt=\"\" srcset=\"https:\/\/costaricaheaven.com\/wp-content\/uploads\/2025\/06\/5-300x169.jpg 300w, https:\/\/costaricaheaven.com\/wp-content\/uploads\/2025\/06\/5-1024x576.jpg 1024w, https:\/\/costaricaheaven.com\/wp-content\/uploads\/2025\/06\/5-768x432.jpg 768w, https:\/\/costaricaheaven.com\/wp-content\/uploads\/2025\/06\/5-255x143.jpg 255w, https:\/\/costaricaheaven.com\/wp-content\/uploads\/2025\/06\/5-835x467.jpg 835w, https:\/\/costaricaheaven.com\/wp-content\/uploads\/2025\/06\/5-1110x623.jpg 1110w, https:\/\/costaricaheaven.com\/wp-content\/uploads\/2025\/06\/5.jpg 1280w\" sizes=\"(max-width: 300px) 100vw, 300px\" \/><\/div>\n\t\t<\/a>\n\t\t\t\t<div class=\"elementor-post__text\">\n\t\t\t\t<h3 class=\"elementor-post__title\">\n\t\t\t<a href=\"https:\/\/costaricaheaven.com\/pl\/pytania-dotyczace-kostaryki\/%f0%9f%92%bc-rozpoczecie-dzialalnosci-gospodarczej-w-kostaryce-mozliwosci-sektory-i-korzysci-dla-obcokrajowcow\/\" >\n\t\t\t\t\ud83d\udcbc Rozpocz\u0119cie dzia\u0142alno\u015bci gospodarczej w Kostaryce: mo\u017cliwo\u015bci, sektory i korzy\u015bci dla obcokrajowc\u00f3w\t\t\t<\/a>\n\t\t<\/h3>\n\t\t\t\t<\/div>\n\t\t\t\t<\/article>\n\t\t\t\t<article class=\"elementor-post elementor-grid-item post-26790 post type-post status-publish format-standard has-post-thumbnail hentry category-wakacje-w-kostaryce\" role=\"listitem\">\n\t\t\t\t<a class=\"elementor-post__thumbnail__link\" href=\"https:\/\/costaricaheaven.com\/pl\/wakacje-w-kostaryce\/%f0%9f%94%a5-5-najlepszych-klubow-nocnych-w-san-jose-kostaryka-twoja-noc-nigdy-sie-nie-konczy\/\" tabindex=\"-1\" >\n\t\t\t<div class=\"elementor-post__thumbnail\"><img loading=\"lazy\" decoding=\"async\" width=\"300\" height=\"169\" src=\"https:\/\/costaricaheaven.com\/wp-content\/uploads\/2025\/06\/1-300x169.jpg\" class=\"attachment-medium size-medium wp-image-26680\" alt=\"\" srcset=\"https:\/\/costaricaheaven.com\/wp-content\/uploads\/2025\/06\/1-300x169.jpg 300w, https:\/\/costaricaheaven.com\/wp-content\/uploads\/2025\/06\/1-1024x576.jpg 1024w, https:\/\/costaricaheaven.com\/wp-content\/uploads\/2025\/06\/1-768x432.jpg 768w, https:\/\/costaricaheaven.com\/wp-content\/uploads\/2025\/06\/1-255x143.jpg 255w, https:\/\/costaricaheaven.com\/wp-content\/uploads\/2025\/06\/1-835x467.jpg 835w, https:\/\/costaricaheaven.com\/wp-content\/uploads\/2025\/06\/1-1110x623.jpg 1110w, https:\/\/costaricaheaven.com\/wp-content\/uploads\/2025\/06\/1.jpg 1280w\" sizes=\"(max-width: 300px) 100vw, 300px\" \/><\/div>\n\t\t<\/a>\n\t\t\t\t<div class=\"elementor-post__text\">\n\t\t\t\t<h3 class=\"elementor-post__title\">\n\t\t\t<a href=\"https:\/\/costaricaheaven.com\/pl\/wakacje-w-kostaryce\/%f0%9f%94%a5-5-najlepszych-klubow-nocnych-w-san-jose-kostaryka-twoja-noc-nigdy-sie-nie-konczy\/\" >\n\t\t\t\t\ud83d\udd25 5 najlepszych klub\u00f3w nocnych w San Jos\u00e9 (Kostaryka): Twoja noc nigdy si\u0119 nie ko\u0144czy\t\t\t<\/a>\n\t\t<\/h3>\n\t\t\t\t<\/div>\n\t\t\t\t<\/article>\n\t\t\t\t<\/div>\n\t\t\n\t\t\t\t\t\t<\/div>\n\t\t\t\t<\/div>\n\t\t\t\t\t<\/div>\n\t\t\t\t<\/div>\n\t\t\t\t<\/div>\n\t\t","protected":false},"excerpt":{"rendered":"<p>Otrzymali\u015bmy Twoje zg\u0142oszenie. Nasz zesp\u00f3\u0142 przejrzy Twoje zg\u0142oszenie i skontaktuje si\u0119 z Tob\u0105 w ci\u0105gu 2 dni roboczych. &times;<\/p>\n","protected":false},"author":1,"featured_media":0,"parent":0,"menu_order":0,"comment_status":"closed","ping_status":"closed","template":"","meta":{"footnotes":""},"class_list":["post-26720","page","type-page","status-publish","hentry"],"_links":{"self":[{"href":"https:\/\/costaricaheaven.com\/pl\/wp-json\/wp\/v2\/pages\/26720","targetHints":{"allow":["GET"]}}],"collection":[{"href":"https:\/\/costaricaheaven.com\/pl\/wp-json\/wp\/v2\/pages"}],"about":[{"href":"https:\/\/costaricaheaven.com\/pl\/wp-json\/wp\/v2\/types\/page"}],"author":[{"embeddable":true,"href":"https:\/\/costaricaheaven.com\/pl\/wp-json\/wp\/v2\/users\/1"}],"replies":[{"embeddable":true,"href":"https:\/\/costaricaheaven.com\/pl\/wp-json\/wp\/v2\/comments?post=26720"}],"version-history":[{"count":0,"href":"https:\/\/costaricaheaven.com\/pl\/wp-json\/wp\/v2\/pages\/26720\/revisions"}],"wp:attachment":[{"href":"https:\/\/costaricaheaven.com\/pl\/wp-json\/wp\/v2\/media?parent=26720"}],"curies":[{"name":"wp","href":"https:\/\/api.w.org\/{rel}","templated":true}]}}