{"id":26718,"date":"2024-05-03T12:39:30","date_gmt":"2024-05-03T10:39:30","guid":{"rendered":"https:\/\/costaricaheaven.com\/uzyskaj-wiecej-informacji-wypelnij-formularz\/"},"modified":"2024-05-03T12:39:30","modified_gmt":"2024-05-03T10:39:30","slug":"uzyskaj-wiecej-informacji-wypelnij-formularz","status":"publish","type":"page","link":"https:\/\/costaricaheaven.com\/pl\/uzyskaj-wiecej-informacji-wypelnij-formularz\/","title":{"rendered":"Uzyskaj wi\u0119cej informacji: wype\u0142nij formularz."},"content":{"rendered":"<p>Zalecamy wype\u0142nienie poni\u017cszego formularza tylko je\u015bli wcze\u015bniej zapozna\u0142e\u015b si\u0119 z informacjami na temat do\u0142\u0105czenia do projektu Heaven, dost\u0119pnymi pod <a href=\"https:\/\/costaricaheaven.com\/entra-heaven-one\/\">tym linkiem<\/a>. Odpowiedzi na najcz\u0119\u015bciej zadawane pytania znajdziesz r\u00f3wnie\u017c pod <a href=\"https:\/\/costaricaheaven.com\/domande-frequenti\/\">tym drugim linkiem<\/a>.<\/p>\n<p>Po przeczytaniu tych stron mo\u017cesz wype\u0142ni\u0107 kwestionariusz, dzi\u0119ki kt\u00f3remu otrzymasz zaktualizowan\u0105 broszur\u0119 w formacie PDF, cennik dost\u0119pnych dzia\u0142ek oraz nawi\u0105\u017cesz kontakt z naszym biurem w Kostaryce, kt\u00f3re b\u0119dzie mog\u0142o Ci pom\u00f3c i odpowiedzie\u0107 na wszystkie Twoje pytania.<\/p>\n<p><script type=\"text\/javascript\" src=\"https:\/\/form.jotform.com\/jsform\/241774406351354\"><\/script><\/p>\n","protected":false},"excerpt":{"rendered":"<p>Zalecamy wype\u0142nienie poni\u017cszego formularza tylko je\u015bli wcze\u015bniej zapozna\u0142e\u015b si\u0119 z informacjami na temat do\u0142\u0105czenia do projektu Heaven, dost\u0119pnymi pod tym linkiem. Odpowiedzi na najcz\u0119\u015bciej zadawane pytania znajdziesz r\u00f3wnie\u017c pod tym drugim linkiem. Po przeczytaniu tych stron mo\u017cesz wype\u0142ni\u0107 kwestionariusz, dzi\u0119ki kt\u00f3remu otrzymasz zaktualizowan\u0105 broszur\u0119 w formacie PDF, cennik dost\u0119pnych dzia\u0142ek oraz nawi\u0105\u017cesz kontakt z naszym biurem w Kostaryce, kt\u00f3re b\u0119dzie mog\u0142o Ci pom\u00f3c i &#8230;<\/p>\n","protected":false},"author":1,"featured_media":0,"parent":0,"menu_order":0,"comment_status":"closed","ping_status":"closed","template":"","meta":{"footnotes":""},"class_list":["post-26718","page","type-page","status-publish","hentry"],"_links":{"self":[{"href":"https:\/\/costaricaheaven.com\/pl\/wp-json\/wp\/v2\/pages\/26718","targetHints":{"allow":["GET"]}}],"collection":[{"href":"https:\/\/costaricaheaven.com\/pl\/wp-json\/wp\/v2\/pages"}],"about":[{"href":"https:\/\/costaricaheaven.com\/pl\/wp-json\/wp\/v2\/types\/page"}],"author":[{"embeddable":true,"href":"https:\/\/costaricaheaven.com\/pl\/wp-json\/wp\/v2\/users\/1"}],"replies":[{"embeddable":true,"href":"https:\/\/costaricaheaven.com\/pl\/wp-json\/wp\/v2\/comments?post=26718"}],"version-history":[{"count":0,"href":"https:\/\/costaricaheaven.com\/pl\/wp-json\/wp\/v2\/pages\/26718\/revisions"}],"wp:attachment":[{"href":"https:\/\/costaricaheaven.com\/pl\/wp-json\/wp\/v2\/media?parent=26718"}],"curies":[{"name":"wp","href":"https:\/\/api.w.org\/{rel}","templated":true}]}}