{"id":26713,"date":"2024-04-30T12:05:44","date_gmt":"2024-04-30T10:05:44","guid":{"rendered":"https:\/\/costaricaheaven.com\/skontaktuj-sie-z-naszym-dzialem-obslugi-klienta\/"},"modified":"2024-04-30T12:05:44","modified_gmt":"2024-04-30T10:05:44","slug":"skontaktuj-sie-z-naszym-dzialem-obslugi-klienta","status":"publish","type":"page","link":"https:\/\/costaricaheaven.com\/pl\/skontaktuj-sie-z-naszym-dzialem-obslugi-klienta\/","title":{"rendered":"Skontaktuj si\u0119 z naszym dzia\u0142em obs\u0142ugi klienta"},"content":{"rendered":"<p>U\u017cyj tej strony, aby skontaktowa\u0107 si\u0119 z naszym dzia\u0142em wsparcia. Przypominam, \u017ce jeste\u015bmy otwarci od poniedzia\u0142ku do pi\u0105tku, nasz personel pracuje w r\u00f3\u017cnych lokalizacjach, w tym w Kostaryce, gdzie strefa czasowa r\u00f3\u017cni si\u0119 od W\u0142och o 6 do 9 godzin. Staramy si\u0119 odpowiada\u0107 na Twoje zapytania w ci\u0105gu 2 dni roboczych.<\/p>\n<p>Przypominam, \u017ce w sekcji <a href=\"https:\/\/costaricaheaven.com\/domande-frequenti\/\">CZ\u0118STO ZADAWANE PYTANIA<\/a> mo\u017cesz znale\u017a\u0107 wiele odpowiedzi na najcz\u0119\u015bciej zadawane pytania dotycz\u0105ce projektu Heaven One i Kostaryki.<br \/>\n<script type=\"text\/javascript\" src=\"https:\/\/form.jotform.com\/jsform\/241774072438359\"><\/script><\/p>\n","protected":false},"excerpt":{"rendered":"<p>U\u017cyj tej strony, aby skontaktowa\u0107 si\u0119 z naszym dzia\u0142em wsparcia. Przypominam, \u017ce jeste\u015bmy otwarci od poniedzia\u0142ku do pi\u0105tku, nasz personel pracuje w r\u00f3\u017cnych lokalizacjach, w tym w Kostaryce, gdzie strefa czasowa r\u00f3\u017cni si\u0119 od W\u0142och o 6 do 9 godzin. Staramy si\u0119 odpowiada\u0107 na Twoje zapytania w ci\u0105gu 2 dni roboczych. Przypominam, \u017ce w sekcji CZ\u0118STO ZADAWANE PYTANIA mo\u017cesz znale\u017a\u0107 wiele odpowiedzi na najcz\u0119\u015bciej &#8230;<\/p>\n","protected":false},"author":1,"featured_media":0,"parent":0,"menu_order":0,"comment_status":"closed","ping_status":"closed","template":"","meta":{"footnotes":""},"class_list":["post-26713","page","type-page","status-publish","hentry"],"_links":{"self":[{"href":"https:\/\/costaricaheaven.com\/pl\/wp-json\/wp\/v2\/pages\/26713","targetHints":{"allow":["GET"]}}],"collection":[{"href":"https:\/\/costaricaheaven.com\/pl\/wp-json\/wp\/v2\/pages"}],"about":[{"href":"https:\/\/costaricaheaven.com\/pl\/wp-json\/wp\/v2\/types\/page"}],"author":[{"embeddable":true,"href":"https:\/\/costaricaheaven.com\/pl\/wp-json\/wp\/v2\/users\/1"}],"replies":[{"embeddable":true,"href":"https:\/\/costaricaheaven.com\/pl\/wp-json\/wp\/v2\/comments?post=26713"}],"version-history":[{"count":0,"href":"https:\/\/costaricaheaven.com\/pl\/wp-json\/wp\/v2\/pages\/26713\/revisions"}],"wp:attachment":[{"href":"https:\/\/costaricaheaven.com\/pl\/wp-json\/wp\/v2\/media?parent=26713"}],"curies":[{"name":"wp","href":"https:\/\/api.w.org\/{rel}","templated":true}]}}