{"id":26712,"date":"2025-01-06T18:01:32","date_gmt":"2025-01-06T16:01:32","guid":{"rendered":"https:\/\/costaricaheaven.com\/skontaktuj-sie-z-alberto-aby-uzyskac-wiecej-informacji-na-temat-projektu-heaven-one-w-kostaryce\/"},"modified":"2025-01-06T18:01:32","modified_gmt":"2025-01-06T16:01:32","slug":"skontaktuj-sie-z-alberto-aby-uzyskac-wiecej-informacji-na-temat-projektu-heaven-one-w-kostaryce","status":"publish","type":"page","link":"https:\/\/costaricaheaven.com\/pl\/skontaktuj-sie-z-alberto-aby-uzyskac-wiecej-informacji-na-temat-projektu-heaven-one-w-kostaryce\/","title":{"rendered":"Skontaktuj si\u0119 z Alberto, aby uzyska\u0107 wi\u0119cej informacji na temat projektu \u201eHeaven One\u201d w Kostaryce"},"content":{"rendered":"<p><script type=\"text\/javascript\" src=\"https:\/\/form.jotform.com\/jsform\/250014065857050\"><\/script><\/p>\n","protected":false},"excerpt":{"rendered":"","protected":false},"author":1,"featured_media":26653,"parent":0,"menu_order":0,"comment_status":"closed","ping_status":"closed","template":"","meta":{"footnotes":""},"class_list":["post-26712","page","type-page","status-publish","has-post-thumbnail","hentry"],"_links":{"self":[{"href":"https:\/\/costaricaheaven.com\/pl\/wp-json\/wp\/v2\/pages\/26712","targetHints":{"allow":["GET"]}}],"collection":[{"href":"https:\/\/costaricaheaven.com\/pl\/wp-json\/wp\/v2\/pages"}],"about":[{"href":"https:\/\/costaricaheaven.com\/pl\/wp-json\/wp\/v2\/types\/page"}],"author":[{"embeddable":true,"href":"https:\/\/costaricaheaven.com\/pl\/wp-json\/wp\/v2\/users\/1"}],"replies":[{"embeddable":true,"href":"https:\/\/costaricaheaven.com\/pl\/wp-json\/wp\/v2\/comments?post=26712"}],"version-history":[{"count":0,"href":"https:\/\/costaricaheaven.com\/pl\/wp-json\/wp\/v2\/pages\/26712\/revisions"}],"wp:featuredmedia":[{"embeddable":true,"href":"https:\/\/costaricaheaven.com\/pl\/wp-json\/wp\/v2\/media\/26653"}],"wp:attachment":[{"href":"https:\/\/costaricaheaven.com\/pl\/wp-json\/wp\/v2\/media?parent=26712"}],"curies":[{"name":"wp","href":"https:\/\/api.w.org\/{rel}","templated":true}]}}