{"id":26743,"date":"2024-04-30T11:57:58","date_gmt":"2024-04-30T09:57:58","guid":{"rendered":"https:\/\/costaricaheaven.com\/galerie-de-photos-et-de-videos\/"},"modified":"2025-07-15T16:48:39","modified_gmt":"2025-07-15T14:48:39","slug":"galerie-de-photos-et-de-videos","status":"publish","type":"page","link":"https:\/\/costaricaheaven.com\/fr\/galerie-de-photos-et-de-videos\/","title":{"rendered":"Galerie de photos et de vid\u00e9os"},"content":{"rendered":"\t\t<div data-elementor-type=\"wp-page\" data-elementor-id=\"26743\" class=\"elementor elementor-26743 elementor-23778\" data-elementor-post-type=\"page\">\n\t\t\t\t<div class=\"elementor-element elementor-element-4ed50fd e-flex e-con-boxed e-con e-parent\" data-id=\"4ed50fd\" data-element_type=\"container\" data-e-type=\"container\">\n\t\t\t\t\t<div class=\"e-con-inner\">\n\t\t\t\t<div class=\"elementor-element elementor-element-7f993f9 elementor-widget elementor-widget-text-editor\" data-id=\"7f993f9\" data-element_type=\"widget\" data-e-type=\"widget\" data-widget_type=\"text-editor.default\">\n\t\t\t\t<div class=\"elementor-widget-container\">\n\t\t\t\t\t\t\t\t\t<p>Le Costa Rica est un pays \u00e0 d\u00e9couvrir absolument. C&rsquo;est pourquoi nous avons d\u00e9cid\u00e9 de cr\u00e9er une galerie photo et vid\u00e9o pr\u00e9sentant le paysage du village Heaven One, ses b\u00e2timents et le Costa Rica en g\u00e9n\u00e9ral.<\/p>\n<p>Avec notre appareil photo, nous avons explor\u00e9 de nombreuses villes du Costa Rica pour vous montrer ce qu&rsquo;elles ont \u00e0 offrir et pourquoi le Costa Rica est surnomm\u00e9 un paradis terrestre.<\/p>\n\t\t\t\t\t\t\t\t<\/div>\n\t\t\t\t<\/div>\n\t\t\t\t<div class=\"elementor-element elementor-element-5cfc8d5 elementor-widget elementor-widget-heading\" data-id=\"5cfc8d5\" data-element_type=\"widget\" data-e-type=\"widget\" data-widget_type=\"heading.default\">\n\t\t\t\t<div class=\"elementor-widget-container\">\n\t\t\t\t\t<h2 class=\"elementor-heading-title elementor-size-default\"><a href=\"https:\/\/costaricaheaven.com\/categoria-foto-video\/\">Photos et vid\u00e9os du terrain et du Costa Rica<\/a><\/h2>\t\t\t\t<\/div>\n\t\t\t\t<\/div>\n\t\t\t\t<div class=\"elementor-element elementor-element-39307fb elementor-widget elementor-widget-heading\" data-id=\"39307fb\" data-element_type=\"widget\" data-e-type=\"widget\" data-widget_type=\"heading.default\">\n\t\t\t\t<div class=\"elementor-widget-container\">\n\t\t\t\t\t<h2 class=\"elementor-heading-title elementor-size-default\">Quelques photographies du terrain Heaven One au Costa Rica<\/h2>\t\t\t\t<\/div>\n\t\t\t\t<\/div>\n\t\t\t\t<div class=\"elementor-element elementor-element-5495ee5 elementor-widget elementor-widget-gallery\" data-id=\"5495ee5\" data-element_type=\"widget\" data-e-type=\"widget\" data-settings=\"{&quot;lazyload&quot;:&quot;yes&quot;,&quot;gallery_layout&quot;:&quot;grid&quot;,&quot;columns&quot;:4,&quot;columns_tablet&quot;:2,&quot;columns_mobile&quot;:1,&quot;gap&quot;:{&quot;unit&quot;:&quot;px&quot;,&quot;size&quot;:10,&quot;sizes&quot;:[]},&quot;gap_tablet&quot;:{&quot;unit&quot;:&quot;px&quot;,&quot;size&quot;:10,&quot;sizes&quot;:[]},&quot;gap_mobile&quot;:{&quot;unit&quot;:&quot;px&quot;,&quot;size&quot;:10,&quot;sizes&quot;:[]},&quot;link_to&quot;:&quot;file&quot;,&quot;aspect_ratio&quot;:&quot;3:2&quot;,&quot;overlay_background&quot;:&quot;yes&quot;,&quot;content_hover_animation&quot;:&quot;fade-in&quot;}\" data-widget_type=\"gallery.default\">\n\t\t\t\t<div class=\"elementor-widget-container\">\n\t\t\t\t\t\t\t<div class=\"elementor-gallery__container\">\n\t\t\t\t\t\t\t<a class=\"e-gallery-item elementor-gallery-item elementor-animated-content\" href=\"https:\/\/costaricaheaven.com\/wp-content\/uploads\/2024\/05\/drone-campo-base-2.jpg\" data-elementor-open-lightbox=\"yes\" data-elementor-lightbox-slideshow=\"5495ee5\" data-elementor-lightbox-title=\"drone - campo base 2\" data-e-action-hash=\"#elementor-action%3Aaction%3Dlightbox%26settings%3DeyJpZCI6MjM4MTcsInVybCI6Imh0dHBzOlwvXC9jb3N0YXJpY2FoZWF2ZW4uY29tXC93cC1jb250ZW50XC91cGxvYWRzXC8yMDI0XC8wNVwvZHJvbmUtY2FtcG8tYmFzZS0yLmpwZyIsInNsaWRlc2hvdyI6IjU0OTVlZTUifQ%3D%3D\">\n\t\t\t\t\t<div class=\"e-gallery-image elementor-gallery-item__image\" data-thumbnail=\"https:\/\/costaricaheaven.com\/wp-content\/uploads\/2024\/05\/drone-campo-base-2-300x169.jpg\" data-width=\"300\" data-height=\"169\" aria-label=\"\" role=\"img\" ><\/div>\n\t\t\t\t\t\t\t\t\t\t\t<div class=\"elementor-gallery-item__overlay\"><\/div>\n\t\t\t\t\t\t\t\t\t\t\t\t\t\t<\/a>\n\t\t\t\t\t\t\t<a class=\"e-gallery-item elementor-gallery-item elementor-animated-content\" href=\"https:\/\/costaricaheaven.com\/wp-content\/uploads\/2024\/05\/drone-natura-13-1.jpg\" data-elementor-open-lightbox=\"yes\" data-elementor-lightbox-slideshow=\"5495ee5\" data-elementor-lightbox-title=\"drone - natura 13\" data-e-action-hash=\"#elementor-action%3Aaction%3Dlightbox%26settings%3DeyJpZCI6MjM4NDUsInVybCI6Imh0dHBzOlwvXC9jb3N0YXJpY2FoZWF2ZW4uY29tXC93cC1jb250ZW50XC91cGxvYWRzXC8yMDI0XC8wNVwvZHJvbmUtbmF0dXJhLTEzLTEuanBnIiwic2xpZGVzaG93IjoiNTQ5NWVlNSJ9\">\n\t\t\t\t\t<div class=\"e-gallery-image elementor-gallery-item__image\" data-thumbnail=\"https:\/\/costaricaheaven.com\/wp-content\/uploads\/2024\/05\/drone-natura-13-1-300x169.jpg\" data-width=\"300\" data-height=\"169\" aria-label=\"\" role=\"img\" ><\/div>\n\t\t\t\t\t\t\t\t\t\t\t<div class=\"elementor-gallery-item__overlay\"><\/div>\n\t\t\t\t\t\t\t\t\t\t\t\t\t\t<\/a>\n\t\t\t\t\t\t\t<a class=\"e-gallery-item elementor-gallery-item elementor-animated-content\" href=\"https:\/\/costaricaheaven.com\/wp-content\/uploads\/2024\/05\/natura-8-fiume.jpeg\" data-elementor-open-lightbox=\"yes\" data-elementor-lightbox-slideshow=\"5495ee5\" data-elementor-lightbox-title=\"natura 8 fiume\" data-e-action-hash=\"#elementor-action%3Aaction%3Dlightbox%26settings%3DeyJpZCI6MjM4MjksInVybCI6Imh0dHBzOlwvXC9jb3N0YXJpY2FoZWF2ZW4uY29tXC93cC1jb250ZW50XC91cGxvYWRzXC8yMDI0XC8wNVwvbmF0dXJhLTgtZml1bWUuanBlZyIsInNsaWRlc2hvdyI6IjU0OTVlZTUifQ%3D%3D\">\n\t\t\t\t\t<div class=\"e-gallery-image elementor-gallery-item__image\" data-thumbnail=\"https:\/\/costaricaheaven.com\/wp-content\/uploads\/2024\/05\/natura-8-fiume-300x169.jpeg\" data-width=\"300\" data-height=\"169\" aria-label=\"\" role=\"img\" ><\/div>\n\t\t\t\t\t\t\t\t\t\t\t<div class=\"elementor-gallery-item__overlay\"><\/div>\n\t\t\t\t\t\t\t\t\t\t\t\t\t\t<\/a>\n\t\t\t\t\t\t\t<a class=\"e-gallery-item elementor-gallery-item elementor-animated-content\" href=\"https:\/\/costaricaheaven.com\/wp-content\/uploads\/2024\/05\/natura-5.jpeg\" data-elementor-open-lightbox=\"yes\" data-elementor-lightbox-slideshow=\"5495ee5\" data-elementor-lightbox-title=\"natura 5\" data-e-action-hash=\"#elementor-action%3Aaction%3Dlightbox%26settings%3DeyJpZCI6MjM4MjgsInVybCI6Imh0dHBzOlwvXC9jb3N0YXJpY2FoZWF2ZW4uY29tXC93cC1jb250ZW50XC91cGxvYWRzXC8yMDI0XC8wNVwvbmF0dXJhLTUuanBlZyIsInNsaWRlc2hvdyI6IjU0OTVlZTUifQ%3D%3D\">\n\t\t\t\t\t<div class=\"e-gallery-image elementor-gallery-item__image\" data-thumbnail=\"https:\/\/costaricaheaven.com\/wp-content\/uploads\/2024\/05\/natura-5-300x169.jpeg\" data-width=\"300\" data-height=\"169\" aria-label=\"\" role=\"img\" ><\/div>\n\t\t\t\t\t\t\t\t\t\t\t<div class=\"elementor-gallery-item__overlay\"><\/div>\n\t\t\t\t\t\t\t\t\t\t\t\t\t\t<\/a>\n\t\t\t\t\t\t\t<a class=\"e-gallery-item elementor-gallery-item elementor-animated-content\" href=\"https:\/\/costaricaheaven.com\/wp-content\/uploads\/2024\/05\/natura-4-cane.jpeg\" data-elementor-open-lightbox=\"yes\" data-elementor-lightbox-slideshow=\"5495ee5\" data-elementor-lightbox-title=\"natura 4 cane\" data-e-action-hash=\"#elementor-action%3Aaction%3Dlightbox%26settings%3DeyJpZCI6MjM4MjcsInVybCI6Imh0dHBzOlwvXC9jb3N0YXJpY2FoZWF2ZW4uY29tXC93cC1jb250ZW50XC91cGxvYWRzXC8yMDI0XC8wNVwvbmF0dXJhLTQtY2FuZS5qcGVnIiwic2xpZGVzaG93IjoiNTQ5NWVlNSJ9\">\n\t\t\t\t\t<div class=\"e-gallery-image elementor-gallery-item__image\" data-thumbnail=\"https:\/\/costaricaheaven.com\/wp-content\/uploads\/2024\/05\/natura-4-cane-300x169.jpeg\" data-width=\"300\" data-height=\"169\" aria-label=\"\" role=\"img\" ><\/div>\n\t\t\t\t\t\t\t\t\t\t\t<div class=\"elementor-gallery-item__overlay\"><\/div>\n\t\t\t\t\t\t\t\t\t\t\t\t\t\t<\/a>\n\t\t\t\t\t\t\t<a class=\"e-gallery-item elementor-gallery-item elementor-animated-content\" href=\"https:\/\/costaricaheaven.com\/wp-content\/uploads\/2024\/05\/natura-2-cavallo.jpeg\" data-elementor-open-lightbox=\"yes\" data-elementor-lightbox-slideshow=\"5495ee5\" data-elementor-lightbox-title=\"natura 2 cavallo\" data-e-action-hash=\"#elementor-action%3Aaction%3Dlightbox%26settings%3DeyJpZCI6MjM4MjYsInVybCI6Imh0dHBzOlwvXC9jb3N0YXJpY2FoZWF2ZW4uY29tXC93cC1jb250ZW50XC91cGxvYWRzXC8yMDI0XC8wNVwvbmF0dXJhLTItY2F2YWxsby5qcGVnIiwic2xpZGVzaG93IjoiNTQ5NWVlNSJ9\">\n\t\t\t\t\t<div class=\"e-gallery-image elementor-gallery-item__image\" data-thumbnail=\"https:\/\/costaricaheaven.com\/wp-content\/uploads\/2024\/05\/natura-2-cavallo-300x169.jpeg\" data-width=\"300\" data-height=\"169\" aria-label=\"\" role=\"img\" ><\/div>\n\t\t\t\t\t\t\t\t\t\t\t<div class=\"elementor-gallery-item__overlay\"><\/div>\n\t\t\t\t\t\t\t\t\t\t\t\t\t\t<\/a>\n\t\t\t\t\t\t\t<a class=\"e-gallery-item elementor-gallery-item elementor-animated-content\" href=\"https:\/\/costaricaheaven.com\/wp-content\/uploads\/2024\/05\/drone-natura-9.jpg\" data-elementor-open-lightbox=\"yes\" data-elementor-lightbox-slideshow=\"5495ee5\" data-elementor-lightbox-title=\"drone - natura 9\" data-e-action-hash=\"#elementor-action%3Aaction%3Dlightbox%26settings%3DeyJpZCI6MjM4MjEsInVybCI6Imh0dHBzOlwvXC9jb3N0YXJpY2FoZWF2ZW4uY29tXC93cC1jb250ZW50XC91cGxvYWRzXC8yMDI0XC8wNVwvZHJvbmUtbmF0dXJhLTkuanBnIiwic2xpZGVzaG93IjoiNTQ5NWVlNSJ9\">\n\t\t\t\t\t<div class=\"e-gallery-image elementor-gallery-item__image\" data-thumbnail=\"https:\/\/costaricaheaven.com\/wp-content\/uploads\/2024\/05\/drone-natura-9-300x169.jpg\" data-width=\"300\" data-height=\"169\" aria-label=\"\" role=\"img\" ><\/div>\n\t\t\t\t\t\t\t\t\t\t\t<div class=\"elementor-gallery-item__overlay\"><\/div>\n\t\t\t\t\t\t\t\t\t\t\t\t\t\t<\/a>\n\t\t\t\t\t\t\t<a class=\"e-gallery-item elementor-gallery-item elementor-animated-content\" href=\"https:\/\/costaricaheaven.com\/wp-content\/uploads\/2024\/05\/drone-natura-6.jpg\" data-elementor-open-lightbox=\"yes\" data-elementor-lightbox-slideshow=\"5495ee5\" data-elementor-lightbox-title=\"drone - natura 6\" data-e-action-hash=\"#elementor-action%3Aaction%3Dlightbox%26settings%3DeyJpZCI6MjM4MjAsInVybCI6Imh0dHBzOlwvXC9jb3N0YXJpY2FoZWF2ZW4uY29tXC93cC1jb250ZW50XC91cGxvYWRzXC8yMDI0XC8wNVwvZHJvbmUtbmF0dXJhLTYuanBnIiwic2xpZGVzaG93IjoiNTQ5NWVlNSJ9\">\n\t\t\t\t\t<div class=\"e-gallery-image elementor-gallery-item__image\" data-thumbnail=\"https:\/\/costaricaheaven.com\/wp-content\/uploads\/2024\/05\/drone-natura-6-300x169.jpg\" data-width=\"300\" data-height=\"169\" aria-label=\"\" role=\"img\" ><\/div>\n\t\t\t\t\t\t\t\t\t\t\t<div class=\"elementor-gallery-item__overlay\"><\/div>\n\t\t\t\t\t\t\t\t\t\t\t\t\t\t<\/a>\n\t\t\t\t\t<\/div>\n\t\t\t\t\t<\/div>\n\t\t\t\t<\/div>\n\t\t\t\t<div class=\"elementor-element elementor-element-c28eb44 elementor-widget elementor-widget-spacer\" data-id=\"c28eb44\" data-element_type=\"widget\" data-e-type=\"widget\" data-widget_type=\"spacer.default\">\n\t\t\t\t<div class=\"elementor-widget-container\">\n\t\t\t\t\t\t\t<div class=\"elementor-spacer\">\n\t\t\t<div class=\"elementor-spacer-inner\"><\/div>\n\t\t<\/div>\n\t\t\t\t\t\t<\/div>\n\t\t\t\t<\/div>\n\t\t\t\t\t<\/div>\n\t\t\t\t<\/div>\n\t\t<div class=\"elementor-element elementor-element-668faf7 e-flex e-con-boxed e-con e-parent\" data-id=\"668faf7\" data-element_type=\"container\" data-e-type=\"container\" data-settings=\"{&quot;background_background&quot;:&quot;classic&quot;}\">\n\t\t\t\t\t<div class=\"e-con-inner\">\n\t\t\t\t<div class=\"elementor-element elementor-element-3163700a elementor-position-left elementor-vertical-align-top elementor-widget elementor-widget-image-box\" data-id=\"3163700a\" data-element_type=\"widget\" data-e-type=\"widget\" data-widget_type=\"image-box.default\">\n\t\t\t\t<div class=\"elementor-widget-container\">\n\t\t\t\t\t<div class=\"elementor-image-box-wrapper\"><figure class=\"elementor-image-box-img\"><a href=\"https:\/\/costaricaheaven.com\/fr\/contactez-notre-service-clientele\/\" tabindex=\"-1\"><img fetchpriority=\"high\" decoding=\"async\" width=\"810\" height=\"810\" src=\"https:\/\/costaricaheaven.com\/wp-content\/uploads\/2024\/04\/villagio-costa-rica-customer-service.jpg\" class=\"attachment-full size-full wp-image-23798\" alt=\"\" srcset=\"https:\/\/costaricaheaven.com\/wp-content\/uploads\/2024\/04\/villagio-costa-rica-customer-service.jpg 810w, https:\/\/costaricaheaven.com\/wp-content\/uploads\/2024\/04\/villagio-costa-rica-customer-service-300x300.jpg 300w, https:\/\/costaricaheaven.com\/wp-content\/uploads\/2024\/04\/villagio-costa-rica-customer-service-150x150.jpg 150w, https:\/\/costaricaheaven.com\/wp-content\/uploads\/2024\/04\/villagio-costa-rica-customer-service-768x768.jpg 768w, https:\/\/costaricaheaven.com\/wp-content\/uploads\/2024\/04\/villagio-costa-rica-customer-service-120x120.jpg 120w, https:\/\/costaricaheaven.com\/wp-content\/uploads\/2024\/04\/villagio-costa-rica-customer-service-45x45.jpg 45w, https:\/\/costaricaheaven.com\/wp-content\/uploads\/2024\/04\/villagio-costa-rica-customer-service-36x36.jpg 36w\" sizes=\"(max-width: 810px) 100vw, 810px\" \/><\/a><\/figure><div class=\"elementor-image-box-content\"><h3 class=\"elementor-image-box-title\"><a href=\"https:\/\/costaricaheaven.com\/fr\/contactez-notre-service-clientele\/\">Vous cherchez toujours plus d'informations ?<\/a><\/h3><p class=\"elementor-image-box-description\">Contactez notre service client et obtenez toutes les r\u00e9ponses \u00e0 vos questions concernant votre vie au Costa Rica. Nous pouvons vous aider \u00e0 organiser votre d\u00e9m\u00e9nagement et vous proposer tous les terrains et villas disponibles \u00e0 l'achat. Contactez-nous d\u00e8s maintenant\u00a0!<\/p><\/div><\/div>\t\t\t\t<\/div>\n\t\t\t\t<\/div>\n\t\t\t\t\t<\/div>\n\t\t\t\t<\/div>\n\t\t\t\t<\/div>\n\t\t","protected":false},"excerpt":{"rendered":"<p>Le Costa Rica est un pays \u00e0 d\u00e9couvrir absolument. C&rsquo;est pourquoi nous avons d\u00e9cid\u00e9 de cr\u00e9er une galerie photo et vid\u00e9o pr\u00e9sentant le paysage du village Heaven One, ses b\u00e2timents et le Costa Rica en g\u00e9n\u00e9ral. Avec notre appareil photo, nous avons explor\u00e9 de nombreuses villes du Costa Rica pour vous montrer ce qu&rsquo;elles ont \u00e0 offrir et pourquoi le Costa Rica est surnomm\u00e9 &#8230;<\/p>\n","protected":false},"author":1,"featured_media":0,"parent":0,"menu_order":0,"comment_status":"closed","ping_status":"closed","template":"","meta":{"footnotes":""},"class_list":["post-26743","page","type-page","status-publish","hentry"],"_links":{"self":[{"href":"https:\/\/costaricaheaven.com\/fr\/wp-json\/wp\/v2\/pages\/26743","targetHints":{"allow":["GET"]}}],"collection":[{"href":"https:\/\/costaricaheaven.com\/fr\/wp-json\/wp\/v2\/pages"}],"about":[{"href":"https:\/\/costaricaheaven.com\/fr\/wp-json\/wp\/v2\/types\/page"}],"author":[{"embeddable":true,"href":"https:\/\/costaricaheaven.com\/fr\/wp-json\/wp\/v2\/users\/1"}],"replies":[{"embeddable":true,"href":"https:\/\/costaricaheaven.com\/fr\/wp-json\/wp\/v2\/comments?post=26743"}],"version-history":[{"count":0,"href":"https:\/\/costaricaheaven.com\/fr\/wp-json\/wp\/v2\/pages\/26743\/revisions"}],"wp:attachment":[{"href":"https:\/\/costaricaheaven.com\/fr\/wp-json\/wp\/v2\/media?parent=26743"}],"curies":[{"name":"wp","href":"https:\/\/api.w.org\/{rel}","templated":true}]}}