{"id":26703,"date":"2024-04-30T10:01:42","date_gmt":"2024-04-30T08:01:42","guid":{"rendered":"https:\/\/costaricaheaven.com\/politique-de-confidentialite\/"},"modified":"2024-04-30T10:01:42","modified_gmt":"2024-04-30T08:01:42","slug":"politique-de-confidentialite","status":"publish","type":"page","link":"https:\/\/costaricaheaven.com\/fr\/politique-de-confidentialite\/","title":{"rendered":"Politique de confidentialit\u00e9"},"content":{"rendered":"<table>\n<thead>\n<tr>\n<th>LES RESPONSABLES CONJOINTS DU TRAITEMENT<\/th>\n<\/tr>\n<\/thead>\n<tbody>\n<tr>\n<td><strong>LONDON ESTATE SIX LDA<\/strong>, dont le si\u00e8ge se trouve au Costa Rica, Santa Rosa de Pocosol, San Carlos e-mail : info@costaricaheaven.com (ci-apr\u00e8s :<strong>\u00ab Contr\u00f4leurs conjoints<\/strong> \u00bb).<\/td>\n<\/tr>\n<\/tbody>\n<\/table>\n<table>\n<thead>\n<tr>\n<th>1 &#8211; FINALIT\u00c9 DU TRAITEMENT<\/th>\n<\/tr>\n<\/thead>\n<tbody>\n<tr>\n<td><strong>1.1 &#8211; Objet du contrat :<\/strong> consulter les pages web et utiliser les services offerts par les sites : https:\/\/costaricaheaven.com<\/td>\n<\/tr>\n<tr>\n<td><strong>1.2 &#8211; Finalit\u00e9s marketing :<\/strong> envoi &#8211; par des m\u00e9thodes de contact automatis\u00e9es (telles que sms, mms et e-mail) et des m\u00e9thodes traditionnelles (telles que des appels t\u00e9l\u00e9phoniques avec un op\u00e9rateur) &#8211; de communications promotionnelles et commerciales relatives aux services\/produits offerts par les Contr\u00f4leurs conjoints ou la notification d \u00ab \u00e9v\u00e9nements d&rsquo;entreprise ou la participation \u00e0 des webinaires, ainsi que la r\u00e9alisation d \u00bb \u00e9tudes de march\u00e9 et d&rsquo;analyses statistiques.<\/td>\n<\/tr>\n<tr>\n<td><strong>1.3 &#8211; Finalit\u00e9s marketing de tiers (avec communication de donn\u00e9es) :<\/strong> envoi &#8211; par des moyens de contact automatis\u00e9s (tels que sms, mms et e-mail) et traditionnels (tels que des appels t\u00e9l\u00e9phoniques avec un op\u00e9rateur) &#8211; de communications promotionnelles et commerciales, de mat\u00e9riel publicitaire relatif \u00e0 des offres de services\/produits, de rapports sur des \u00e9v\u00e9nements d&rsquo;entreprise, ainsi que r\u00e9alisation d \u00ab \u00e9tudes de march\u00e9 et d&rsquo;analyses statistiques par des tiers \u00e0 l \u00bb \u00e9gard des Responsables conjoints du traitement auxquels les donn\u00e9es sont communiqu\u00e9es.<\/td>\n<\/tr>\n<tr>\n<td><strong>1.4 &#8211; Fins de marketing par les Responsables conjoints du traitement en faveur de tiers (sans communication de donn\u00e9es) :<\/strong> envoi &#8211; par des m\u00e9thodes de contact automatis\u00e9es (telles que sms, mms et e-mail) et traditionnelles (telles que les appels t\u00e9l\u00e9phoniques avec un op\u00e9rateur) &#8211; de communications promotionnelles et commerciales, de mat\u00e9riel publicitaire relatif \u00e0 des offres de services\/produits, de rapports sur des \u00e9v\u00e9nements d&rsquo;entreprise, ainsi que la r\u00e9alisation d&rsquo;\u00e9tudes de march\u00e9 et d&rsquo;analyses statistiques par les Responsables conjoints du traitement pour le compte de tiers.<\/td>\n<\/tr>\n<tr>\n<td><strong>1.5 &#8211; Objectifs de profilage :<\/strong> analyse de vos pr\u00e9f\u00e9rences, habitudes, comportements, int\u00e9r\u00eats d\u00e9duits, par exemple, des clics en ligne sur les articles\/sections des sites web du r\u00e9seau du Groupe FastBooking, afin de vous envoyer des communications commerciales personnalis\u00e9es\/de r\u00e9aliser des actions promotionnelles cibl\u00e9es, intelligence \u00e9conomique. Le traitement de vos donn\u00e9es personnelles \u00e0 des fins de profilage aura lieu, en cas de consentement, avec des outils de traitement des donn\u00e9es qui, apr\u00e8s recoupement, cr\u00e9eront votre profil commercial et comportemental sur le web. Cet outil de traitement des donn\u00e9es met en relation les donn\u00e9es collect\u00e9es lors de votre navigation sur les Sites gr\u00e2ce \u00e0 l&rsquo;utilisation de cookies de profilage de premi\u00e8re partie accept\u00e9s par vous avec les donn\u00e9es collect\u00e9es lors de votre enregistrement sur le R\u00e9seau du Groupe FastBooking. En outre, ces donn\u00e9es et\/ou informations seront associ\u00e9es \u00e0 toutes et\/ou autres donn\u00e9es et\/ou informations d\u00e9j\u00e0 en notre possession suite \u00e0 votre souscription \u00e0 nos services.   <\/td>\n<\/tr>\n<tr>\n<td><strong>1.6 &#8211; Obligations l\u00e9gales :<\/strong> remplir les obligations \u00e9tablies par les r\u00e8glements et la l\u00e9gislation nationale et supranationale applicable.<\/td>\n<\/tr>\n<tr>\n<td><strong>1.7 &#8211; Envoi de bulletins d&rsquo;information :<\/strong> si vous en faites la demande lors de votre inscription \u00e0 ce service.<\/td>\n<\/tr>\n<tr>\n<td><strong>1.8 &#8211; Droits des responsables conjoints du traitement :<\/strong> si n\u00e9cessaire, pour la constatation, l&rsquo;exercice ou la d\u00e9fense en justice des droits des responsables conjoints du traitement.<\/td>\n<\/tr>\n<tr>\n<td><strong>1.10 &#8211; Fonctionnement des sites :<\/strong> les syst\u00e8mes informatiques et les proc\u00e9dures logicielles utilis\u00e9s pour le fonctionnement des sites acqui\u00e8rent, au cours de leur fonctionnement normal, certaines donn\u00e9es personnelles dont la transmission est implicite dans l&rsquo;utilisation des protocoles de communication Internet. Il s&rsquo;agit d&rsquo;informations qui ne sont pas collect\u00e9es pour \u00eatre associ\u00e9es \u00e0 des personnes int\u00e9ress\u00e9es identifi\u00e9es, mais qui, par leur nature m\u00eame, pourraient, \u00e0 travers le traitement et l&rsquo;association avec des donn\u00e9es d\u00e9tenues par les Responsables conjoints du traitement ou par des tiers, permettre d&rsquo;identifier les utilisateurs des sites. <\/td>\n<\/tr>\n<\/tbody>\n<\/table>\n<table>\n<thead>\n<tr>\n<th>2 &#8211; BASES JURIDIQUES DU TRAITEMENT<\/th>\n<\/tr>\n<\/thead>\n<tbody>\n<tr>\n<td><strong>2.1 &#8211; Finalit\u00e9 contractuelle :<\/strong> ex\u00e9cution d&rsquo;un contrat auquel vous \u00eates partie.<\/td>\n<\/tr>\n<tr>\n<td><strong>2.2 &#8211; Marketing et profilage :<\/strong> consentement (facultatif et r\u00e9vocable \u00e0 tout moment).<\/td>\n<\/tr>\n<tr>\n<td><strong>2.3 &#8211; Obligations l\u00e9gales :<\/strong> n\u00e9cessit\u00e9 de remplir des obligations l\u00e9gales.<\/td>\n<\/tr>\n<tr>\n<td><strong>2.4 &#8211; Envoi de lettres d&rsquo;information :<\/strong> ex\u00e9cution d&rsquo;un contrat auquel vous \u00eates partie, \u00e0 savoir l&rsquo;inscription \u00e0 la lettre d&rsquo;information.<\/td>\n<\/tr>\n<tr>\n<td><strong>2.5 &#8211; Droits du propri\u00e9taire :<\/strong> int\u00e9r\u00eat l\u00e9gitime.<\/td>\n<\/tr>\n<\/tbody>\n<\/table>\n<table>\n<thead>\n<tr>\n<th>3 &#8211; DUR\u00c9E DE CONSERVATION DES DONN\u00c9ES PERSONNELLES<\/th>\n<\/tr>\n<\/thead>\n<tbody>\n<tr>\n<td><strong>3.1 &#8211; Finalit\u00e9 contractuelle, obligations l\u00e9gales et envoi de lettres d&rsquo;information :<\/strong> pour toute la dur\u00e9e du contrat et, apr\u00e8s r\u00e9siliation, pendant 10 ans.<\/td>\n<\/tr>\n<tr>\n<td><strong>3.2 &#8211; \u00e0 des fins de marketing et de profilage :<\/strong> jusqu&rsquo;\u00e0 ce que le consentement \u00e0 cette fin soit r\u00e9voqu\u00e9.<\/td>\n<\/tr>\n<tr>\n<td><strong>3.3 &#8211; Droits du propri\u00e9taire :<\/strong> en cas de litige judiciaire, pendant toute la dur\u00e9e de celui-ci, jusqu \u00ab \u00e0 l \u00bb \u00e9puisement des d\u00e9lais de recours.<\/td>\n<\/tr>\n<tr>\n<td><strong>3.4 &#8211; Fonctionnement des Sites :<\/strong> pendant toute la dur\u00e9e de la session de navigation sur les Sites.<\/td>\n<\/tr>\n<tr>\n<td>\u00c0 l&rsquo;expiration des d\u00e9lais de conservation indiqu\u00e9s ci-dessus, vos donn\u00e9es personnelles seront d\u00e9truites, supprim\u00e9es ou rendues anonymes, conform\u00e9ment aux proc\u00e9dures techniques d&rsquo;annulation et de sauvegarde.<\/td>\n<\/tr>\n<\/tbody>\n<\/table>\n<table>\n<tbody>\n<tr>\n<th>4.1 &#8211; DONN\u00c9ES PERSONNELLES TRAIT\u00c9ES \u00c0 DES FINS CONTRACTUELLES &#8211; OBLIGATIONS L\u00c9GALES &#8211; DROITS DU RESPONSABLE DU TRAITEMENT &#8211; RECOUVREMENT DE CR\u00c9ANCES<\/th>\n<\/tr>\n<tr>\n<td>Donn\u00e9es personnelles, donn\u00e9es de contact, donn\u00e9es administratives et comptables.<\/td>\n<\/tr>\n<tr>\n<th>4.2 &#8211; DONN\u00c9ES PERSONNELLES TRAIT\u00c9ES \u00c0 DES FINS DE MARKETING ET DE PROFILAGE<\/th>\n<\/tr>\n<tr>\n<td>Donn\u00e9es personnelles, donn\u00e9es de contact, donn\u00e9es administratives et comptables, donn\u00e9es collect\u00e9es par les cookies install\u00e9s par les Sites.<\/td>\n<\/tr>\n<tr>\n<th>4.3 &#8211; DONN\u00c9ES PERSONNELLES TRAIT\u00c9ES POUR L&rsquo;ENVOI DE LA LETTRE D&rsquo;INFORMATION<\/th>\n<\/tr>\n<tr>\n<td>Coordonn\u00e9es de contact.<\/td>\n<\/tr>\n<tr>\n<th>4.4 &#8211; DONN\u00c9ES PERSONNELLES TRAIT\u00c9ES POUR LE FONCTIONNEMENT DES SITES<\/th>\n<\/tr>\n<tr>\n<td>Les adresses IP ou les noms de domaine des ordinateurs utilis\u00e9s par les utilisateurs qui se connectent aux sites, les adresses en notation URI (Uniform Resource Identifier) des ressources demand\u00e9es, l&rsquo;heure de la demande, la m\u00e9thode utilis\u00e9e pour soumettre la demande au serveur, la taille du fichier obtenu en r\u00e9ponse, le code num\u00e9rique indiquant l&rsquo;\u00e9tat de la r\u00e9ponse donn\u00e9e par le serveur (succ\u00e8s, erreur, etc.), d&rsquo;autres param\u00e8tres relatifs au syst\u00e8me d&rsquo;exploitation et \u00e0 l&rsquo;environnement informatique de l&rsquo;utilisateur, les informations relatives au comportement de l&rsquo;utilisateur sur les sites, aux pages qui ont \u00e9t\u00e9 visit\u00e9es ou recherch\u00e9es, afin de s\u00e9lectionner et de faire des annonces sp\u00e9cifiques aux sites.), d&rsquo;autres param\u00e8tres relatifs au syst\u00e8me d&rsquo;exploitation et \u00e0 l&rsquo;environnement informatique de l&rsquo;utilisateur, des informations relatives au comportement de l&rsquo;utilisateur sur les sites, aux pages visit\u00e9es ou recherch\u00e9es, afin de s\u00e9lectionner et de faire des annonces sp\u00e9cifiques \u00e0 l&rsquo;utilisateur des sites et des donn\u00e9es relatives au comportement de navigation sur les sites \u00e0 l&rsquo;aide, par exemple, de cookies. td&gt;<br \/>\n<\/tr>\n<\/td>\n<\/tbody>\n<\/table>\n<table>\n<thead>\n<tr>\n<th>5 &#8211; FOURNITURE OBLIGATOIRE DE DONN\u00c9ES<\/th>\n<\/tr>\n<\/thead>\n<tbody>\n<tr>\n<td>La fourniture des donn\u00e9es personnelles vis\u00e9es au point 4.1 aux fins vis\u00e9es au point 1.1 est obligatoire. Le refus de fournir les donn\u00e9es personnelles susmentionn\u00e9es ne permet donc pas la possibilit\u00e9 d&rsquo;utiliser les services\/contenus offerts par les Sites. La fourniture des donn\u00e9es \u00e0 caract\u00e8re personnel vis\u00e9es au point 4.2 aux fins vis\u00e9es aux points 1.2, 1.3, 1.4 et 1.5 est facultative et soumise \u00e0 votre consentement. Certaines donn\u00e9es personnelles vis\u00e9es au point 4.4 sont strictement n\u00e9cessaires au fonctionnement des sites, d&rsquo;autres sont utilis\u00e9es dans le seul but d&rsquo;obtenir des informations statistiques anonymes sur l&rsquo;utilisation des sites et de v\u00e9rifier leur bon fonctionnement, et sont supprim\u00e9es imm\u00e9diatement apr\u00e8s leur traitement. Lorsque nous traitons des donn\u00e9es personnelles qui peuvent, directement ou indirectement, vous identifier, nous essayons de respecter un principe de stricte n\u00e9cessit\u00e9. Pour cette raison, nous avons configur\u00e9 les sites de mani\u00e8re \u00e0 r\u00e9duire au minimum l&rsquo;utilisation des donn\u00e9es personnelles et \u00e0 limiter le traitement des donn\u00e9es personnelles permettant de vous identifier uniquement en cas de n\u00e9cessit\u00e9 ou \u00e0 la demande des autorit\u00e9s et des forces de l&rsquo;ordre (comme, par exemple, les donn\u00e9es relatives au trafic et \u00e0 votre s\u00e9jour sur les sites ou votre adresse IP) ou pour d\u00e9terminer les responsabilit\u00e9s en cas d&rsquo;hypoth\u00e9tiques d\u00e9lits informatiques \u00e0 l&rsquo;encontre des sites.      <\/td>\n<\/tr>\n<\/tbody>\n<\/table>\n<table>\n<thead>\n<tr>\n<th>6 &#8211; LES DESTINATAIRES DES DONN\u00c9ES<\/th>\n<\/tr>\n<\/thead>\n<tbody>\n<tr>\n<td>Les donn\u00e9es peuvent \u00eatre trait\u00e9es par des parties externes agissant en tant que responsables du traitement, telles que, \u00e0 titre d&rsquo;exemple, les autorit\u00e9s et organismes de surveillance et de contr\u00f4le et, en g\u00e9n\u00e9ral, les entit\u00e9s publiques ou priv\u00e9es habilit\u00e9es \u00e0 demander les donn\u00e9es, ainsi que les personnes, soci\u00e9t\u00e9s, associations ou cabinets professionnels qui fournissent des activit\u00e9s d&rsquo;assistance et de conseil. Les donn\u00e9es peuvent \u00e9galement \u00eatre trait\u00e9es, pour le compte des Responsables conjoints du traitement, par des parties externes d\u00e9sign\u00e9es comme responsables du traitement conform\u00e9ment \u00e0 l&rsquo;art. 28 du GDPR, qui re\u00e7oivent des instructions op\u00e9rationnelles ad\u00e9quates. Ces sujets sont essentiellement inclus dans les cat\u00e9gories suivantes :  <\/p>\n<ul>\n<li>a. les entreprises qui offrent des services de maintenance pour les sites web et les syst\u00e8mes d&rsquo;information ; <\/li>\n<li>b. les entreprises qui offrent un soutien pour la r\u00e9alisation d&rsquo;\u00e9tudes de march\u00e9 ; <\/li>\n<li>c. les soci\u00e9t\u00e9s qui fournissent des services de gestion et de maintenance de la base de donn\u00e9es des responsables conjoints du traitement ; <\/li>\n<\/ul>\n<p>Vos donn\u00e9es peuvent \u00eatre trait\u00e9es, en cas de consentement explicite de votre part, par des tiers auxquels les donn\u00e9es sont communiqu\u00e9es. Les donn\u00e9es personnelles ne seront pas divulgu\u00e9es, mais pourront \u00e9ventuellement \u00eatre transmises aux autorit\u00e9s publiques qui en font la demande expresse aux responsables conjoints du traitement \u00e0 des fins administratives ou institutionnelles, conform\u00e9ment aux dispositions de la l\u00e9gislation nationale et europ\u00e9enne en vigueur. <\/td>\n<\/tr>\n<\/tbody>\n<\/table>\n<table>\n<thead>\n<tr>\n<th>7 &#8211; SUJETS AUTORIS\u00c9S AU TRAITEMENT<\/th>\n<\/tr>\n<\/thead>\n<tbody>\n<tr>\n<td>Vos donn\u00e9es pourront \u00eatre trait\u00e9es par des employ\u00e9s des fonctions sociales des Responsables conjoints du traitement charg\u00e9s de poursuivre les finalit\u00e9s indiqu\u00e9es ci-dessus, qui ont \u00e9t\u00e9 express\u00e9ment autoris\u00e9s \u00e0 effectuer le traitement et qui ont re\u00e7u les instructions op\u00e9rationnelles ad\u00e9quates. Les donn\u00e9es vis\u00e9es au point 4.4 collect\u00e9es lors de la navigation sur les Sites seront trait\u00e9es par des employ\u00e9s, des collaborateurs des Responsables conjoints ou des parties externes, en tant que responsables du traitement et du contr\u00f4le des donn\u00e9es, qui effectuent des t\u00e2ches de nature technique et organisationnelle des Sites pour le compte des Responsables conjoints. La liste compl\u00e8te et mise \u00e0 jour des responsables du traitement nomm\u00e9s par la Soci\u00e9t\u00e9 peut \u00eatre obtenue en \u00e9crivant par courrier \u00e9lectronique \u00e0 privacy@numero6.org.  <\/td>\n<\/tr>\n<\/tbody>\n<\/table>\n<table>\n<thead>\n<tr>\n<th>8 &#8211; VOS DROITS EN TANT QUE PARTIE INT\u00c9RESS\u00c9E AU TRAITEMENT &#8211; PLAINTE AUPR\u00c8S DE L&rsquo;AUTORIT\u00c9 DE CONTR\u00d4LE<\/th>\n<\/tr>\n<\/thead>\n<tbody>\n<tr>\n<td>En contactant les responsables conjoints par e-mail \u00e0 l&rsquo;adresse privacy@numero6.org , vous pouvez demander aux responsables conjoints l&rsquo;acc\u00e8s aux donn\u00e9es vous concernant, leur annulation, la rectification des donn\u00e9es inexactes, l&rsquo;int\u00e9gration des donn\u00e9es incompl\u00e8tes, la limitation du traitement dans les cas pr\u00e9vus par l&rsquo;art. 18 GDPR.<\/td>\n<\/tr>\n<tr>\n<td>En outre, si le traitement est fond\u00e9 sur le consentement ou sur un contrat et qu&rsquo;il est effectu\u00e9 \u00e0 l&rsquo;aide d&rsquo;outils automatis\u00e9s, vous pouvez demander la portabilit\u00e9 de vos donn\u00e9es et les recevoir dans un format structur\u00e9, couramment utilis\u00e9 et lisible par machine. Vous pouvez \u00e9galement demander \u00e0 ce que vos donn\u00e9es soient conserv\u00e9es et, si cela est techniquement possible, \u00e0 ce qu&rsquo;elles soient transmises sans obstacle \u00e0 un autre propri\u00e9taire. <\/td>\n<\/tr>\n<tr>\n<td>Vous avez le droit de r\u00e9voquer \u00e0 tout moment le consentement donn\u00e9 \u00e0 des fins de marketing et\/ou de profilage, ainsi que de vous opposer au traitement, pour des raisons li\u00e9es \u00e0 votre situation particuli\u00e8re, des donn\u00e9es en cas d&rsquo;exercice d&rsquo;un int\u00e9r\u00eat public ou d&rsquo;un int\u00e9r\u00eat l\u00e9gitime du propri\u00e9taire ainsi qu&rsquo;\u00e0 des fins de marketing, y compris le profilage li\u00e9 au marketing direct. Si vous pr\u00e9f\u00e9rez \u00eatre contact\u00e9 aux fins susmentionn\u00e9es exclusivement par des m\u00e9thodes traditionnelles, vous avez la possibilit\u00e9 de vous opposer uniquement \u00e0 la r\u00e9ception de communications par des m\u00e9thodes automatis\u00e9es. Les Responsables conjoints du traitement s&rsquo;abstiennent de tout traitement, sauf pour des raisons l\u00e9gitimes qui pr\u00e9valent sur les int\u00e9r\u00eats, les droits et les libert\u00e9s de l&rsquo;int\u00e9ress\u00e9, ou pour la constatation, l&rsquo;exercice ou la d\u00e9fense d&rsquo;un droit en justice.  <\/td>\n<\/tr>\n<tr>\n<td>Vous avez le droit de d\u00e9poser une plainte aupr\u00e8s de l&rsquo;autorit\u00e9 de contr\u00f4le comp\u00e9tente de l \u00ab \u00c9tat membre dans lequel vous r\u00e9sidez ou travaillez habituellement ou de l \u00bb \u00c9tat dans lequel l&rsquo;infraction pr\u00e9sum\u00e9e a \u00e9t\u00e9 commise.<\/td>\n<\/tr>\n<\/tbody>\n<\/table>\n<table>\n<thead>\n<tr>\n<th>9 &#8211; S\u00c9CURIT\u00c9 DES DONN\u00c9ES<\/th>\n<\/tr>\n<\/thead>\n<tbody>\n<tr>\n<td>Vos donn\u00e9es personnelles seront trait\u00e9es \u00e0 l&rsquo;aide d&rsquo;outils automatis\u00e9s pendant le temps strictement n\u00e9cessaire pour atteindre les objectifs pour lesquels elles ont \u00e9t\u00e9 collect\u00e9es et dans le respect du principe de n\u00e9cessit\u00e9 et de proportionnalit\u00e9, en \u00e9vitant de traiter les donn\u00e9es personnelles si les op\u00e9rations peuvent \u00eatre effectu\u00e9es par l&rsquo;utilisation de donn\u00e9es anonymes ou par d&rsquo;autres m\u00e9thodes. Nous avons adopt\u00e9 des mesures de s\u00e9curit\u00e9 sp\u00e9cifiques pour pr\u00e9venir la perte de donn\u00e9es personnelles, l&rsquo;utilisation illicite ou incorrecte et l&rsquo;acc\u00e8s non autoris\u00e9, mais n&rsquo;oubliez pas qu&rsquo;il est essentiel pour la s\u00e9curit\u00e9 de vos donn\u00e9es que votre appareil soit \u00e9quip\u00e9 d&rsquo;outils tels qu&rsquo;un antivirus constamment mis \u00e0 jour et que le fournisseur qui assure la connexion Internet garantisse la transmission s\u00e9curis\u00e9e des donn\u00e9es gr\u00e2ce \u00e0 des pare-feu, des filtres anti-spamming et d&rsquo;autres mesures de protection similaires. <\/td>\n<\/tr>\n<\/tbody>\n<\/table>\n<table>\n<thead>\n<tr>\n<th>10 &#8211; PARTAGE DE CONTENUS VIA LES R\u00c9SEAUX SOCIAUX<\/th>\n<\/tr>\n<\/thead>\n<tbody>\n<tr>\n<td>Si vous d\u00e9cidez de partager certains contenus via un ou plusieurs r\u00e9seaux sociaux (Facebook, Twitter, Google+, Pinterest, Linkedin) les Sites peuvent acc\u00e9der \u00e0 certaines informations de votre compte si vous avez activ\u00e9 le partage des donn\u00e9es de votre compte avec des applications tierces. Vous pouvez d\u00e9sactiver le partage des donn\u00e9es de votre compte avec des applications tierces en acc\u00e9dant aux param\u00e8tres de votre compte. Pour plus d&rsquo;informations, nous vous invitons \u00e0 consulter le site du ou des r\u00e9seaux sociaux auxquels vous \u00eates inscrit (www.facebook.com, www.twitter.com., www.google.com, www.pinterest.com, www.linkedin.com ).  <\/td>\n<\/tr>\n<\/tbody>\n<\/table>\n","protected":false},"excerpt":{"rendered":"<p>LES RESPONSABLES CONJOINTS DU TRAITEMENT LONDON ESTATE SIX LDA, dont le si\u00e8ge se trouve au Costa Rica, Santa Rosa de Pocosol, San Carlos e-mail : info@costaricaheaven.com (ci-apr\u00e8s :\u00ab Contr\u00f4leurs conjoints \u00bb). 1 &#8211; FINALIT\u00c9 DU TRAITEMENT 1.1 &#8211; Objet du contrat : consulter les pages web et utiliser les services offerts par les sites : https:\/\/costaricaheaven.com 1.2 &#8211; Finalit\u00e9s marketing : envoi &#8211; par &#8230;<\/p>\n","protected":false},"author":1,"featured_media":0,"parent":0,"menu_order":0,"comment_status":"closed","ping_status":"closed","template":"","meta":{"footnotes":""},"class_list":["post-26703","page","type-page","status-publish","hentry"],"_links":{"self":[{"href":"https:\/\/costaricaheaven.com\/fr\/wp-json\/wp\/v2\/pages\/26703","targetHints":{"allow":["GET"]}}],"collection":[{"href":"https:\/\/costaricaheaven.com\/fr\/wp-json\/wp\/v2\/pages"}],"about":[{"href":"https:\/\/costaricaheaven.com\/fr\/wp-json\/wp\/v2\/types\/page"}],"author":[{"embeddable":true,"href":"https:\/\/costaricaheaven.com\/fr\/wp-json\/wp\/v2\/users\/1"}],"replies":[{"embeddable":true,"href":"https:\/\/costaricaheaven.com\/fr\/wp-json\/wp\/v2\/comments?post=26703"}],"version-history":[{"count":0,"href":"https:\/\/costaricaheaven.com\/fr\/wp-json\/wp\/v2\/pages\/26703\/revisions"}],"wp:attachment":[{"href":"https:\/\/costaricaheaven.com\/fr\/wp-json\/wp\/v2\/media?parent=26703"}],"curies":[{"name":"wp","href":"https:\/\/api.w.org\/{rel}","templated":true}]}}