{"id":26701,"date":"2024-05-03T12:39:30","date_gmt":"2024-05-03T10:39:30","guid":{"rendered":"https:\/\/costaricaheaven.com\/obtenez-plus-dinformations-completez-le-formulaire\/"},"modified":"2024-05-03T12:39:30","modified_gmt":"2024-05-03T10:39:30","slug":"obtenez-plus-dinformations-completez-le-formulaire","status":"publish","type":"page","link":"https:\/\/costaricaheaven.com\/fr\/obtenez-plus-dinformations-completez-le-formulaire\/","title":{"rendered":"Obtenez plus d&rsquo;informations : compl\u00e9tez le formulaire"},"content":{"rendered":"<p>Nous vous recommandons de ne remplir le formulaire suivant que si vous avez d\u00e9j\u00e0 lu le fonctionnement de l&rsquo;adh\u00e9sion au projet heaven sur <a href=\"https:\/\/costaricaheaven.com\/entra-heaven-one\/\">ce lien<\/a>. Vous trouverez \u00e9galement les r\u00e9ponses aux questions les plus fr\u00e9quemment pos\u00e9es sur <a href=\"https:\/\/costaricaheaven.com\/domande-frequenti\/\">cet autre lien<\/a>. <\/p>\n<p>Apr\u00e8s avoir lu ces pages, vous pouvez remplir le questionnaire qui vous permettra de recevoir la brochure mise \u00e0 jour en PDF, la liste des prix des terrains disponibles et d&rsquo;entrer en contact avec notre bureau au Costa Rica qui sera en mesure de vous aider et de r\u00e9pondre \u00e0 toutes vos questions.<br \/>\n<script type=\"text\/javascript\" src=\"https:\/\/form.jotform.com\/jsform\/241774406351354\"><\/script><\/p>\n","protected":false},"excerpt":{"rendered":"<p>Nous vous recommandons de ne remplir le formulaire suivant que si vous avez d\u00e9j\u00e0 lu le fonctionnement de l&rsquo;adh\u00e9sion au projet heaven sur ce lien. Vous trouverez \u00e9galement les r\u00e9ponses aux questions les plus fr\u00e9quemment pos\u00e9es sur cet autre lien. Apr\u00e8s avoir lu ces pages, vous pouvez remplir le questionnaire qui vous permettra de recevoir la brochure mise \u00e0 jour en PDF, la liste &#8230;<\/p>\n","protected":false},"author":1,"featured_media":0,"parent":0,"menu_order":0,"comment_status":"closed","ping_status":"closed","template":"","meta":{"footnotes":""},"class_list":["post-26701","page","type-page","status-publish","hentry"],"_links":{"self":[{"href":"https:\/\/costaricaheaven.com\/fr\/wp-json\/wp\/v2\/pages\/26701","targetHints":{"allow":["GET"]}}],"collection":[{"href":"https:\/\/costaricaheaven.com\/fr\/wp-json\/wp\/v2\/pages"}],"about":[{"href":"https:\/\/costaricaheaven.com\/fr\/wp-json\/wp\/v2\/types\/page"}],"author":[{"embeddable":true,"href":"https:\/\/costaricaheaven.com\/fr\/wp-json\/wp\/v2\/users\/1"}],"replies":[{"embeddable":true,"href":"https:\/\/costaricaheaven.com\/fr\/wp-json\/wp\/v2\/comments?post=26701"}],"version-history":[{"count":0,"href":"https:\/\/costaricaheaven.com\/fr\/wp-json\/wp\/v2\/pages\/26701\/revisions"}],"wp:attachment":[{"href":"https:\/\/costaricaheaven.com\/fr\/wp-json\/wp\/v2\/media?parent=26701"}],"curies":[{"name":"wp","href":"https:\/\/api.w.org\/{rel}","templated":true}]}}