{"id":26699,"date":"2014-05-24T13:51:08","date_gmt":"2014-05-24T11:51:08","guid":{"rendered":"https:\/\/costaricaheaven.com\/termes-et-conditions\/"},"modified":"2025-06-11T17:28:03","modified_gmt":"2025-06-11T15:28:03","slug":"termes-et-conditions","status":"publish","type":"page","link":"https:\/\/costaricaheaven.com\/fr\/termes-et-conditions\/","title":{"rendered":"Termes et conditions"},"content":{"rendered":"\t\t<div data-elementor-type=\"wp-page\" data-elementor-id=\"26699\" class=\"elementor elementor-26699 elementor-5275\" data-elementor-post-type=\"page\">\n\t\t\t\t<div class=\"elementor-element elementor-element-32fcf103 e-flex e-con-boxed e-con e-parent\" data-id=\"32fcf103\" data-element_type=\"container\" data-e-type=\"container\">\n\t\t\t\t\t<div class=\"e-con-inner\">\n\t\t\t\t<div class=\"elementor-element elementor-element-1f17b49 elementor-widget elementor-widget-text-editor\" data-id=\"1f17b49\" data-element_type=\"widget\" data-e-type=\"widget\" data-widget_type=\"text-editor.default\">\n\t\t\t\t<div class=\"elementor-widget-container\">\n\t\t\t\t\t\t\t\t\t<p>Bienvenue sur VillaggioCostaRica.com, le site d\u00e9di\u00e9 \u00e0 la promotion et \u00e0 la vente de terrains au sein du village Heaven One au Costa Rica. Avant de proc\u00e9der \u00e0 tout achat ou transaction, veuillez lire attentivement les pr\u00e9sents Termes et Conditions. <\/p>\t\t\t\t\t\t\t\t<\/div>\n\t\t\t\t<\/div>\n\t\t\t\t<div class=\"elementor-element elementor-element-52846fa elementor-toc--minimized-on-tablet elementor-widget elementor-widget-table-of-contents\" data-id=\"52846fa\" data-element_type=\"widget\" data-e-type=\"widget\" data-settings=\"{&quot;exclude_headings_by_selector&quot;:[],&quot;headings_by_tags&quot;:[&quot;h2&quot;,&quot;h3&quot;,&quot;h4&quot;,&quot;h5&quot;,&quot;h6&quot;],&quot;marker_view&quot;:&quot;numbers&quot;,&quot;no_headings_message&quot;:&quot;Aucun titre n\\u2019a \\u00e9t\\u00e9 trouv\\u00e9 sur cette page.&quot;,&quot;minimize_box&quot;:&quot;yes&quot;,&quot;minimized_on&quot;:&quot;tablet&quot;,&quot;hierarchical_view&quot;:&quot;yes&quot;,&quot;min_height&quot;:{&quot;unit&quot;:&quot;px&quot;,&quot;size&quot;:&quot;&quot;,&quot;sizes&quot;:[]},&quot;min_height_tablet&quot;:{&quot;unit&quot;:&quot;px&quot;,&quot;size&quot;:&quot;&quot;,&quot;sizes&quot;:[]},&quot;min_height_mobile&quot;:{&quot;unit&quot;:&quot;px&quot;,&quot;size&quot;:&quot;&quot;,&quot;sizes&quot;:[]}}\" data-widget_type=\"table-of-contents.default\">\n\t\t\t\t<div class=\"elementor-widget-container\">\n\t\t\t\t\t\t\t\t\t<div class=\"elementor-toc__header\">\n\t\t\t\t\t\t<h4 class=\"elementor-toc__header-title\">\n\t\t\t\tTable des mati\u00e8res\t\t\t<\/h4>\n\t\t\t\t\t\t\t\t\t\t<div class=\"elementor-toc__toggle-button elementor-toc__toggle-button--expand\" role=\"button\" tabindex=\"0\" aria-controls=\"elementor-toc__52846fa\" aria-expanded=\"true\" aria-label=\"Ouvrir la table des mati\u00e8res\"><svg aria-hidden=\"true\" class=\"e-font-icon-svg e-fas-chevron-down\" viewBox=\"0 0 448 512\" xmlns=\"http:\/\/www.w3.org\/2000\/svg\"><path d=\"M207.029 381.476L12.686 187.132c-9.373-9.373-9.373-24.569 0-33.941l22.667-22.667c9.357-9.357 24.522-9.375 33.901-.04L224 284.505l154.745-154.021c9.379-9.335 24.544-9.317 33.901.04l22.667 22.667c9.373 9.373 9.373 24.569 0 33.941L240.971 381.476c-9.373 9.372-24.569 9.372-33.942 0z\"><\/path><\/svg><\/div>\n\t\t\t\t<div class=\"elementor-toc__toggle-button elementor-toc__toggle-button--collapse\" role=\"button\" tabindex=\"0\" aria-controls=\"elementor-toc__52846fa\" aria-expanded=\"true\" aria-label=\"Fermer la table des mati\u00e8res\"><svg aria-hidden=\"true\" class=\"e-font-icon-svg e-fas-chevron-up\" viewBox=\"0 0 448 512\" xmlns=\"http:\/\/www.w3.org\/2000\/svg\"><path d=\"M240.971 130.524l194.343 194.343c9.373 9.373 9.373 24.569 0 33.941l-22.667 22.667c-9.357 9.357-24.522 9.375-33.901.04L224 227.495 69.255 381.516c-9.379 9.335-24.544 9.317-33.901-.04l-22.667-22.667c-9.373-9.373-9.373-24.569 0-33.941L207.03 130.525c9.372-9.373 24.568-9.373 33.941-.001z\"><\/path><\/svg><\/div>\n\t\t\t\t\t<\/div>\n\t\t\t\t<div id=\"elementor-toc__52846fa\" class=\"elementor-toc__body\">\n\t\t\t<div class=\"elementor-toc__spinner-container\">\n\t\t\t\t<svg class=\"elementor-toc__spinner eicon-animation-spin e-font-icon-svg e-eicon-loading\" aria-hidden=\"true\" viewBox=\"0 0 1000 1000\" xmlns=\"http:\/\/www.w3.org\/2000\/svg\"><path d=\"M500 975V858C696 858 858 696 858 500S696 142 500 142 142 304 142 500H25C25 237 238 25 500 25S975 237 975 500 763 975 500 975Z\"><\/path><\/svg>\t\t\t<\/div>\n\t\t<\/div>\n\t\t\t\t\t\t<\/div>\n\t\t\t\t<\/div>\n\t\t\t\t<div class=\"elementor-element elementor-element-66fef76d elementor-widget elementor-widget-text-editor\" data-id=\"66fef76d\" data-element_type=\"widget\" data-e-type=\"widget\" data-widget_type=\"text-editor.default\">\n\t\t\t\t<div class=\"elementor-widget-container\">\n\t\t\t\t\t\t\t\t\t<h4>1. Acceptation des conditions :<\/h4>\nEn utilisant notre site web, vous acceptez d \u00ab \u00eatre li\u00e9 par les pr\u00e9sentes conditions g\u00e9n\u00e9rales, ainsi que par notre politique de confidentialit\u00e9. Si vous n \u00bb \u00eates pas d&rsquo;accord avec une partie de ces conditions, veuillez ne pas utiliser notre site. \n<h4>2. Informations sur le village Heaven One :<\/h4>\nVillaggioCostaRica.com promeut la vente de terrains situ\u00e9s dans le village Heaven One au Costa Rica. Nous vous fournissons des informations d\u00e9taill\u00e9es sur les terrains disponibles, leurs caract\u00e9ristiques et les services offerts dans le village. \n<h4>3. L&rsquo;investissement :<\/h4>\nTout achat de terrain dans le village Heaven One est consid\u00e9r\u00e9 comme un investissement. Toutefois, nous insistons sur l&rsquo;importance de consulter votre conseiller financier de confiance avant d&rsquo;effectuer tout investissement. Les informations fournies sur ce site le sont \u00e0 titre informatif uniquement et ne constituent pas un conseil financier.  \n<h4><strong>4. Prix du terrain :<\/strong><\/h4>\nLe prix des terrains dans le village Heaven One peut varier dans le temps. Veuillez noter que les prix peuvent augmenter ou diminuer en fonction de plusieurs facteurs, notamment la demande du march\u00e9, le d\u00e9veloppement du village et les conditions \u00e9conomiques mondiales. Nous ne garantissons pas que les prix des terrains resteront constants dans le temps.  \n<h4><strong>5. Droits de propri\u00e9t\u00e9 :<\/strong><\/h4>\nLes terrains vendus par l&rsquo;interm\u00e9diaire de VillaggioCostaRica.com sont soumis aux droits de propri\u00e9t\u00e9 normaux et aux lois en vigueur au Costa Rica. Nous vous fournirons l&rsquo;assistance et les conseils n\u00e9cessaires pour faciliter le processus d&rsquo;acquisition et de transfert de propri\u00e9t\u00e9. \n<h4>6. Modifications des conditions g\u00e9n\u00e9rales :<\/h4>\nNous nous r\u00e9servons le droit de modifier les pr\u00e9sentes conditions g\u00e9n\u00e9rales \u00e0 tout moment et sans pr\u00e9avis. Les modifications entreront en vigueur d\u00e8s leur publication sur notre site web. Il est de votre responsabilit\u00e9 de v\u00e9rifier r\u00e9guli\u00e8rement les mises \u00e0 jour.  \n<h4>7. Limitation de la responsabilit\u00e9 :<\/h4>\nNous ne sommes pas responsables des dommages directs, indirects, sp\u00e9ciaux, cons\u00e9cutifs ou accessoires r\u00e9sultant de l&rsquo;utilisation ou de l&rsquo;impossibilit\u00e9 d&rsquo;utiliser notre site web ou les services offerts.\n<h4>8. Droit applicable :<\/h4>\nLes pr\u00e9sentes conditions g\u00e9n\u00e9rales sont r\u00e9gies et interpr\u00e9t\u00e9es conform\u00e9ment aux lois du Costa Rica. Tout litige d\u00e9coulant des pr\u00e9sentes conditions g\u00e9n\u00e9rales ou en rapport avec celles-ci sera soumis \u00e0 la comp\u00e9tence exclusive des tribunaux du Costa Rica. \n\nPour toute question ou clarification concernant nos conditions g\u00e9n\u00e9rales, veuillez nous contacter par l&rsquo;interm\u00e9diaire de nos canaux d&rsquo;assistance \u00e0 la client\u00e8le.\n\nDerni\u00e8re mise \u00e0 jour : mai 2024\t\t\t\t\t\t\t\t<\/div>\n\t\t\t\t<\/div>\n\t\t\t\t<div class=\"elementor-element elementor-element-4a8777f elementor-align-center elementor-widget elementor-widget-button\" data-id=\"4a8777f\" data-element_type=\"widget\" data-e-type=\"widget\" data-widget_type=\"button.default\">\n\t\t\t\t<div class=\"elementor-widget-container\">\n\t\t\t\t\t\t\t\t\t<div class=\"elementor-button-wrapper\">\n\t\t\t\t\t<a class=\"elementor-button elementor-button-link elementor-size-sm\" href=\"https:\/\/costaricaheaven.com\/fr\/contactez-notre-service-clientele\/\">\n\t\t\t\t\t\t<span class=\"elementor-button-content-wrapper\">\n\t\t\t\t\t\t\t\t\t<span class=\"elementor-button-text\">Cliquez ici pour contacter le service d'assistance<\/span>\n\t\t\t\t\t<\/span>\n\t\t\t\t\t<\/a>\n\t\t\t\t<\/div>\n\t\t\t\t\t\t\t\t<\/div>\n\t\t\t\t<\/div>\n\t\t\t\t\t<\/div>\n\t\t\t\t<\/div>\n\t\t\t\t<\/div>\n\t\t","protected":false},"excerpt":{"rendered":"<p>Bienvenue sur VillaggioCostaRica.com, le site d\u00e9di\u00e9 \u00e0 la promotion et \u00e0 la vente de terrains au sein du village Heaven One au Costa Rica. Avant de proc\u00e9der \u00e0 tout achat ou transaction, veuillez lire attentivement les pr\u00e9sents Termes et Conditions. Table des mati\u00e8res 1. Acceptation des conditions : En utilisant notre site web, vous acceptez d \u00ab \u00eatre li\u00e9 par les pr\u00e9sentes conditions g\u00e9n\u00e9rales, &#8230;<\/p>\n","protected":false},"author":1,"featured_media":0,"parent":0,"menu_order":0,"comment_status":"closed","ping_status":"closed","template":"page-templates\/terms_conditions.php","meta":{"footnotes":""},"class_list":["post-26699","page","type-page","status-publish","hentry"],"_links":{"self":[{"href":"https:\/\/costaricaheaven.com\/fr\/wp-json\/wp\/v2\/pages\/26699","targetHints":{"allow":["GET"]}}],"collection":[{"href":"https:\/\/costaricaheaven.com\/fr\/wp-json\/wp\/v2\/pages"}],"about":[{"href":"https:\/\/costaricaheaven.com\/fr\/wp-json\/wp\/v2\/types\/page"}],"author":[{"embeddable":true,"href":"https:\/\/costaricaheaven.com\/fr\/wp-json\/wp\/v2\/users\/1"}],"replies":[{"embeddable":true,"href":"https:\/\/costaricaheaven.com\/fr\/wp-json\/wp\/v2\/comments?post=26699"}],"version-history":[{"count":0,"href":"https:\/\/costaricaheaven.com\/fr\/wp-json\/wp\/v2\/pages\/26699\/revisions"}],"wp:attachment":[{"href":"https:\/\/costaricaheaven.com\/fr\/wp-json\/wp\/v2\/media?parent=26699"}],"curies":[{"name":"wp","href":"https:\/\/api.w.org\/{rel}","templated":true}]}}