{"id":26694,"date":"2024-04-30T12:05:44","date_gmt":"2024-04-30T10:05:44","guid":{"rendered":"https:\/\/costaricaheaven.com\/contactez-notre-service-clientele\/"},"modified":"2024-04-30T12:05:44","modified_gmt":"2024-04-30T10:05:44","slug":"contactez-notre-service-clientele","status":"publish","type":"page","link":"https:\/\/costaricaheaven.com\/fr\/contactez-notre-service-clientele\/","title":{"rendered":"Contactez notre service client\u00e8le"},"content":{"rendered":"<p>Utilisez cette page pour contacter notre service d&rsquo;assistance. Je vous rappelle que nous sommes ouverts du lundi au vendredi, que notre personnel travaille dans diff\u00e9rents endroits, y compris au Costa Rica, dont le fuseau horaire est d\u00e9cal\u00e9 de 6 \u00e0 9 heures par rapport \u00e0 celui de l&rsquo;Italie. Nous nous effor\u00e7ons de r\u00e9pondre \u00e0 vos demandes dans les deux jours ouvrables.<\/p>\n<p>Je vous rappelle que dans la section <a href=\"https:\/\/costaricaheaven.com\/domande-frequenti\/\">QUESTIONS FR\u00c9QUEMMENT POS\u00c9ES<\/a>, vous trouverez de nombreuses r\u00e9ponses aux questions les plus courantes concernant le projet Heaven One et le Costa Rica.<br \/>\n<script type=\"text\/javascript\" src=\"https:\/\/form.jotform.com\/jsform\/241774072438359\"><\/script><\/p>\n","protected":false},"excerpt":{"rendered":"<p>Utilisez cette page pour contacter notre service d&rsquo;assistance. Je vous rappelle que nous sommes ouverts du lundi au vendredi, que notre personnel travaille dans diff\u00e9rents endroits, y compris au Costa Rica, dont le fuseau horaire est d\u00e9cal\u00e9 de 6 \u00e0 9 heures par rapport \u00e0 celui de l&rsquo;Italie. Nous nous effor\u00e7ons de r\u00e9pondre \u00e0 vos demandes dans les deux jours ouvrables. Je vous rappelle &#8230;<\/p>\n","protected":false},"author":1,"featured_media":0,"parent":0,"menu_order":0,"comment_status":"closed","ping_status":"closed","template":"","meta":{"footnotes":""},"class_list":["post-26694","page","type-page","status-publish","hentry"],"_links":{"self":[{"href":"https:\/\/costaricaheaven.com\/fr\/wp-json\/wp\/v2\/pages\/26694","targetHints":{"allow":["GET"]}}],"collection":[{"href":"https:\/\/costaricaheaven.com\/fr\/wp-json\/wp\/v2\/pages"}],"about":[{"href":"https:\/\/costaricaheaven.com\/fr\/wp-json\/wp\/v2\/types\/page"}],"author":[{"embeddable":true,"href":"https:\/\/costaricaheaven.com\/fr\/wp-json\/wp\/v2\/users\/1"}],"replies":[{"embeddable":true,"href":"https:\/\/costaricaheaven.com\/fr\/wp-json\/wp\/v2\/comments?post=26694"}],"version-history":[{"count":0,"href":"https:\/\/costaricaheaven.com\/fr\/wp-json\/wp\/v2\/pages\/26694\/revisions"}],"wp:attachment":[{"href":"https:\/\/costaricaheaven.com\/fr\/wp-json\/wp\/v2\/media?parent=26694"}],"curies":[{"name":"wp","href":"https:\/\/api.w.org\/{rel}","templated":true}]}}