{"id":26725,"date":"2014-05-24T13:51:08","date_gmt":"2014-05-24T11:51:08","guid":{"rendered":"https:\/\/costaricaheaven.com\/terminos-y-condiciones\/"},"modified":"2025-07-10T18:50:56","modified_gmt":"2025-07-10T16:50:56","slug":"terminos-y-condiciones","status":"publish","type":"page","link":"https:\/\/costaricaheaven.com\/es\/terminos-y-condiciones\/","title":{"rendered":"T\u00e9rminos y Condiciones"},"content":{"rendered":"\t\t<div data-elementor-type=\"wp-page\" data-elementor-id=\"26725\" class=\"elementor elementor-26725 elementor-5275\" data-elementor-post-type=\"page\">\n\t\t\t\t<div class=\"elementor-element elementor-element-32fcf103 e-flex e-con-boxed e-con e-parent\" data-id=\"32fcf103\" data-element_type=\"container\" data-e-type=\"container\">\n\t\t\t\t\t<div class=\"e-con-inner\">\n\t\t\t\t<div class=\"elementor-element elementor-element-1f17b49 elementor-widget elementor-widget-text-editor\" data-id=\"1f17b49\" data-element_type=\"widget\" data-e-type=\"widget\" data-widget_type=\"text-editor.default\">\n\t\t\t\t<div class=\"elementor-widget-container\">\n\t\t\t\t\t\t\t\t\t<p data-start=\"21\" data-end=\"295\">Bienvenido a VillaggioCostaRica.com, el sitio web dedicado a la promoci\u00f3n y venta de terrenos dentro del pueblo Heaven One en Costa Rica. Antes de proceder con cualquier compra o transacci\u00f3n, por favor lee detenidamente los siguientes T\u00e9rminos y Condiciones.<\/p>\n<p><\/p>\n<p data-start=\"297\" data-end=\"561\">\n\t\t\t\t\t\t\t\t<\/div>\n\t\t\t\t<\/div>\n\t\t\t\t<div class=\"elementor-element elementor-element-52846fa elementor-toc--minimized-on-tablet elementor-widget elementor-widget-table-of-contents\" data-id=\"52846fa\" data-element_type=\"widget\" data-e-type=\"widget\" data-settings=\"{&quot;exclude_headings_by_selector&quot;:[],&quot;headings_by_tags&quot;:[&quot;h2&quot;,&quot;h3&quot;,&quot;h4&quot;,&quot;h5&quot;,&quot;h6&quot;],&quot;marker_view&quot;:&quot;numbers&quot;,&quot;no_headings_message&quot;:&quot;No se ha encontrado ning\\u00fan encabezado en esta p\\u00e1gina.&quot;,&quot;minimize_box&quot;:&quot;yes&quot;,&quot;minimized_on&quot;:&quot;tablet&quot;,&quot;hierarchical_view&quot;:&quot;yes&quot;,&quot;min_height&quot;:{&quot;unit&quot;:&quot;px&quot;,&quot;size&quot;:&quot;&quot;,&quot;sizes&quot;:[]},&quot;min_height_tablet&quot;:{&quot;unit&quot;:&quot;px&quot;,&quot;size&quot;:&quot;&quot;,&quot;sizes&quot;:[]},&quot;min_height_mobile&quot;:{&quot;unit&quot;:&quot;px&quot;,&quot;size&quot;:&quot;&quot;,&quot;sizes&quot;:[]}}\" data-widget_type=\"table-of-contents.default\">\n\t\t\t\t<div class=\"elementor-widget-container\">\n\t\t\t\t\t\t\t\t\t<div class=\"elementor-toc__header\">\n\t\t\t\t\t\t<h4 class=\"elementor-toc__header-title\">\n\t\t\t\tTabla de Contenidos\t\t\t<\/h4>\n\t\t\t\t\t\t\t\t\t\t<div class=\"elementor-toc__toggle-button elementor-toc__toggle-button--expand\" role=\"button\" tabindex=\"0\" aria-controls=\"elementor-toc__52846fa\" aria-expanded=\"true\" aria-label=\"Abrir la tabla de contenidos\"><svg aria-hidden=\"true\" class=\"e-font-icon-svg e-fas-chevron-down\" viewBox=\"0 0 448 512\" xmlns=\"http:\/\/www.w3.org\/2000\/svg\"><path d=\"M207.029 381.476L12.686 187.132c-9.373-9.373-9.373-24.569 0-33.941l22.667-22.667c9.357-9.357 24.522-9.375 33.901-.04L224 284.505l154.745-154.021c9.379-9.335 24.544-9.317 33.901.04l22.667 22.667c9.373 9.373 9.373 24.569 0 33.941L240.971 381.476c-9.373 9.372-24.569 9.372-33.942 0z\"><\/path><\/svg><\/div>\n\t\t\t\t<div class=\"elementor-toc__toggle-button elementor-toc__toggle-button--collapse\" role=\"button\" tabindex=\"0\" aria-controls=\"elementor-toc__52846fa\" aria-expanded=\"true\" aria-label=\"Cerrar la tabla de contenidos\"><svg aria-hidden=\"true\" class=\"e-font-icon-svg e-fas-chevron-up\" viewBox=\"0 0 448 512\" xmlns=\"http:\/\/www.w3.org\/2000\/svg\"><path d=\"M240.971 130.524l194.343 194.343c9.373 9.373 9.373 24.569 0 33.941l-22.667 22.667c-9.357 9.357-24.522 9.375-33.901.04L224 227.495 69.255 381.516c-9.379 9.335-24.544 9.317-33.901-.04l-22.667-22.667c-9.373-9.373-9.373-24.569 0-33.941L207.03 130.525c9.372-9.373 24.568-9.373 33.941-.001z\"><\/path><\/svg><\/div>\n\t\t\t\t\t<\/div>\n\t\t\t\t<div id=\"elementor-toc__52846fa\" class=\"elementor-toc__body\">\n\t\t\t<div class=\"elementor-toc__spinner-container\">\n\t\t\t\t<svg class=\"elementor-toc__spinner eicon-animation-spin e-font-icon-svg e-eicon-loading\" aria-hidden=\"true\" viewBox=\"0 0 1000 1000\" xmlns=\"http:\/\/www.w3.org\/2000\/svg\"><path d=\"M500 975V858C696 858 858 696 858 500S696 142 500 142 142 304 142 500H25C25 237 238 25 500 25S975 237 975 500 763 975 500 975Z\"><\/path><\/svg>\t\t\t<\/div>\n\t\t<\/div>\n\t\t\t\t\t\t<\/div>\n\t\t\t\t<\/div>\n\t\t\t\t<div class=\"elementor-element elementor-element-66fef76d elementor-widget elementor-widget-text-editor\" data-id=\"66fef76d\" data-element_type=\"widget\" data-e-type=\"widget\" data-widget_type=\"text-editor.default\">\n\t\t\t\t<div class=\"elementor-widget-container\">\n\t\t\t\t\t\t\t\t\t<article class=\"text-token-text-primary w-full\" dir=\"auto\" data-testid=\"conversation-turn-46\" data-scroll-anchor=\"true\">\r\n<div class=\"text-base my-auto mx-auto py-5 [--thread-content-margin:--spacing(4)] @[37rem]:[--thread-content-margin:--spacing(6)] @[72rem]:[--thread-content-margin:--spacing(16)] px-(--thread-content-margin)\">\r\n<div class=\"[--thread-content-max-width:32rem] @[34rem]:[--thread-content-max-width:40rem] @[64rem]:[--thread-content-max-width:48rem] mx-auto flex max-w-(--thread-content-max-width) flex-1 text-base gap-4 md:gap-5 lg:gap-6 group\/turn-messages focus-visible:outline-hidden\" tabindex=\"-1\">\r\n<div class=\"group\/conversation-turn relative flex w-full min-w-0 flex-col agent-turn\">\r\n<div class=\"relative flex-col gap-1 md:gap-3\">\r\n<div class=\"flex max-w-full flex-col grow\">\r\n<div class=\"min-h-8 text-message relative flex w-full flex-col items-end gap-2 text-start break-words whitespace-normal [.text-message+&amp;]:mt-5\" dir=\"auto\" data-message-author-role=\"assistant\" data-message-id=\"8e6695dc-2c4e-4555-9d45-1c40b672e833\" data-message-model-slug=\"gpt-4-1-mini\">\r\n<div class=\"flex w-full flex-col gap-1 empty:hidden first:pt-[3px]\">\r\n<div class=\"markdown prose dark:prose-invert w-full break-words light\">\r\n<ol data-start=\"2408\" data-end=\"4775\">\r\n \t<li data-start=\"2408\" data-end=\"2663\">\r\n<p data-start=\"2411\" data-end=\"2663\"><strong data-start=\"2411\" data-end=\"2442\">Aceptaci\u00f3n de los t\u00e9rminos:<\/strong><br data-start=\"2442\" data-end=\"2445\" \/>Al usar nuestro sitio web, aceptas estar sujeto a estos T\u00e9rminos y Condiciones, as\u00ed como a nuestra Pol\u00edtica de Privacidad. Si no est\u00e1s de acuerdo con alguna parte de estos t\u00e9rminos, por favor no utilices nuestro sitio.<\/p>\r\n<\/li>\r\n \t<li data-start=\"2665\" data-end=\"2948\">\r\n<p data-start=\"2668\" data-end=\"2948\"><strong data-start=\"2668\" data-end=\"2709\">Informaci\u00f3n sobre Heaven One Village:<\/strong><br data-start=\"2709\" data-end=\"2712\" \/>VillaggioCostaRica.com promociona la venta de terrenos ubicados en el pueblo Heaven One en Costa Rica. Proporcionamos informaci\u00f3n detallada sobre los terrenos disponibles, sus caracter\u00edsticas y los servicios ofrecidos dentro del pueblo.<\/p>\r\n<\/li>\r\n \t<li data-start=\"2950\" data-end=\"3295\">\r\n<p data-start=\"2953\" data-end=\"3295\"><strong data-start=\"2953\" data-end=\"2967\">Inversi\u00f3n:<\/strong><br data-start=\"2967\" data-end=\"2970\" \/>Cada compra de terreno dentro de Heaven One Village se considera una inversi\u00f3n. Sin embargo, destacamos la importancia de consultar con tu asesor financiero de confianza antes de realizar cualquier inversi\u00f3n. La informaci\u00f3n proporcionada en este sitio es solo para fines informativos y no constituye asesoramiento financiero.<\/p>\r\n<\/li>\r\n \t<li data-start=\"3297\" data-end=\"3678\">\r\n<p data-start=\"3300\" data-end=\"3678\"><strong data-start=\"3300\" data-end=\"3323\">Precio del terreno:<\/strong><br data-start=\"3323\" data-end=\"3326\" \/>El precio de los terrenos dentro de Heaven One Village puede variar con el tiempo. Ten en cuenta que los precios pueden subir o bajar dependiendo de varios factores, incluyendo la demanda del mercado, el desarrollo del pueblo y las condiciones econ\u00f3micas globales. No garantizamos que los precios de los terrenos se mantendr\u00e1n constantes con el tiempo.<\/p>\r\n<\/li>\r\n \t<li data-start=\"3680\" data-end=\"3968\">\r\n<p data-start=\"3683\" data-end=\"3968\"><strong data-start=\"3683\" data-end=\"3709\">Derechos de propiedad:<\/strong><br data-start=\"3709\" data-end=\"3712\" \/>Los terrenos vendidos a trav\u00e9s de VillaggioCostaRica.com est\u00e1n sujetos a los derechos de propiedad normales y a las leyes vigentes en Costa Rica. Brindamos asistencia y asesoramiento para facilitar el proceso de adquisici\u00f3n y transferencia de la propiedad.<\/p>\r\n<\/li>\r\n \t<li data-start=\"3970\" data-end=\"4277\">\r\n<p data-start=\"3973\" data-end=\"4277\"><strong data-start=\"3973\" data-end=\"4015\">Cambios en los T\u00e9rminos y Condiciones:<\/strong><br data-start=\"4015\" data-end=\"4018\" \/>Nos reservamos el derecho de cambiar estos T\u00e9rminos y Condiciones en cualquier momento sin previo aviso. Los cambios ser\u00e1n efectivos inmediatamente despu\u00e9s de su publicaci\u00f3n en nuestro sitio web. Es tu responsabilidad revisar las actualizaciones regularmente.<\/p>\r\n<\/li>\r\n \t<li data-start=\"4279\" data-end=\"4506\">\r\n<p data-start=\"4282\" data-end=\"4506\"><strong data-start=\"4282\" data-end=\"4316\">Limitaci\u00f3n de responsabilidad:<\/strong><br data-start=\"4316\" data-end=\"4319\" \/>No somos responsables por ning\u00fan da\u00f1o directo, indirecto, especial, consecuente o incidental que surja del uso o la imposibilidad de uso de nuestro sitio web o de los servicios ofrecidos.<\/p>\r\n<\/li>\r\n \t<li data-start=\"4508\" data-end=\"4775\">\r\n<p data-start=\"4511\" data-end=\"4775\"><strong data-start=\"4511\" data-end=\"4529\">Ley aplicable:<\/strong><br data-start=\"4529\" data-end=\"4532\" \/>Estos T\u00e9rminos y Condiciones se regir\u00e1n e interpretar\u00e1n de acuerdo con las leyes de Costa Rica. Cualquier disputa que surja en relaci\u00f3n con estos T\u00e9rminos y Condiciones estar\u00e1 sujeta a la jurisdicci\u00f3n exclusiva de los tribunales de Costa Rica.<\/p>\r\n<\/li>\r\n<\/ol>\r\n<p data-start=\"4777\" data-end=\"4927\">Para cualquier pregunta o aclaraci\u00f3n sobre nuestros T\u00e9rminos y Condiciones, por favor cont\u00e1ctanos a trav\u00e9s de nuestros canales de atenci\u00f3n al cliente.<\/p>\r\n<p data-start=\"4929\" data-end=\"4960\" data-is-last-node=\"\" data-is-only-node=\"\">\u00daltima actualizaci\u00f3n: mayo 2024<\/p>\r\n\r\n<\/div>\r\n<\/div>\r\n<\/div>\r\n<\/div>\r\n<\/div>\r\n<\/div>\r\n<\/div>\r\n<\/div>\r\n<\/article>\t\t\t\t\t\t\t\t<\/div>\n\t\t\t\t<\/div>\n\t\t\t\t<div class=\"elementor-element elementor-element-4a8777f elementor-align-center elementor-widget elementor-widget-button\" data-id=\"4a8777f\" data-element_type=\"widget\" data-e-type=\"widget\" data-widget_type=\"button.default\">\n\t\t\t\t<div class=\"elementor-widget-container\">\n\t\t\t\t\t\t\t\t\t<div class=\"elementor-button-wrapper\">\n\t\t\t\t\t<a class=\"elementor-button elementor-button-link elementor-size-sm\" href=\"https:\/\/costaricaheaven.com\/es\/contacte-con-nuestro-servicio-de-atencion-al-cliente-2\/\">\n\t\t\t\t\t\t<span class=\"elementor-button-content-wrapper\">\n\t\t\t\t\t\t\t\t\t<span class=\"elementor-button-text\">Haz clic aqu\u00ed para contactar con el servicio de atenci\u00f3n al cliente.<\/span>\n\t\t\t\t\t<\/span>\n\t\t\t\t\t<\/a>\n\t\t\t\t<\/div>\n\t\t\t\t\t\t\t\t<\/div>\n\t\t\t\t<\/div>\n\t\t\t\t\t<\/div>\n\t\t\t\t<\/div>\n\t\t\t\t<\/div>\n\t\t","protected":false},"excerpt":{"rendered":"<p>Bienvenido a VillaggioCostaRica.com, el sitio web dedicado a la promoci\u00f3n y venta de terrenos dentro del pueblo Heaven One en Costa Rica. Antes de proceder con cualquier compra o transacci\u00f3n, por favor lee detenidamente los siguientes T\u00e9rminos y Condiciones. Tabla de Contenidos Aceptaci\u00f3n de los t\u00e9rminos:Al usar nuestro sitio web, aceptas estar sujeto a estos T\u00e9rminos y Condiciones, as\u00ed como a nuestra Pol\u00edtica de &#8230;<\/p>\n","protected":false},"author":1,"featured_media":0,"parent":0,"menu_order":0,"comment_status":"closed","ping_status":"closed","template":"page-templates\/terms_conditions.php","meta":{"footnotes":""},"class_list":["post-26725","page","type-page","status-publish","hentry"],"_links":{"self":[{"href":"https:\/\/costaricaheaven.com\/es\/wp-json\/wp\/v2\/pages\/26725","targetHints":{"allow":["GET"]}}],"collection":[{"href":"https:\/\/costaricaheaven.com\/es\/wp-json\/wp\/v2\/pages"}],"about":[{"href":"https:\/\/costaricaheaven.com\/es\/wp-json\/wp\/v2\/types\/page"}],"author":[{"embeddable":true,"href":"https:\/\/costaricaheaven.com\/es\/wp-json\/wp\/v2\/users\/1"}],"replies":[{"embeddable":true,"href":"https:\/\/costaricaheaven.com\/es\/wp-json\/wp\/v2\/comments?post=26725"}],"version-history":[{"count":0,"href":"https:\/\/costaricaheaven.com\/es\/wp-json\/wp\/v2\/pages\/26725\/revisions"}],"wp:attachment":[{"href":"https:\/\/costaricaheaven.com\/es\/wp-json\/wp\/v2\/media?parent=26725"}],"curies":[{"name":"wp","href":"https:\/\/api.w.org\/{rel}","templated":true}]}}