{"id":26721,"date":"2024-06-26T18:36:43","date_gmt":"2024-06-26T16:36:43","guid":{"rendered":"https:\/\/costaricaheaven.com\/gracias-hemos-recibido-tu-solicitud\/"},"modified":"2025-07-10T18:45:00","modified_gmt":"2025-07-10T16:45:00","slug":"gracias-hemos-recibido-tu-solicitud","status":"publish","type":"page","link":"https:\/\/costaricaheaven.com\/es\/gracias-hemos-recibido-tu-solicitud\/","title":{"rendered":"\u00a1Gracias! Hemos recibido tu solicitud."},"content":{"rendered":"\t\t<div data-elementor-type=\"wp-page\" data-elementor-id=\"26721\" class=\"elementor elementor-26721 elementor-24612\" data-elementor-post-type=\"page\">\n\t\t\t\t<div class=\"elementor-element elementor-element-1b94814 e-flex e-con-boxed e-con e-parent\" data-id=\"1b94814\" data-element_type=\"container\" data-e-type=\"container\">\n\t\t\t\t\t<div class=\"e-con-inner\">\n\t\t\t\t<div class=\"elementor-element elementor-element-dc233e1 elementor-alert-success elementor-widget elementor-widget-alert\" data-id=\"dc233e1\" data-element_type=\"widget\" data-e-type=\"widget\" data-widget_type=\"alert.default\">\n\t\t\t\t<div class=\"elementor-widget-container\">\n\t\t\t\t\t\t\t<div class=\"elementor-alert\" role=\"alert\">\n\n\t\t\t\t\t\t<span class=\"elementor-alert-title\">Hemos recibido tu solicitud.<\/span>\n\t\t\t\n\t\t\t\t\t\t<span class=\"elementor-alert-description\"><p data-start=\"21\" data-end=\"136\">Nuestro equipo revisar\u00e1 tu solicitud y se pondr\u00e1 en contacto contigo en un plazo de 2 d\u00edas h\u00e1biles.<\/p>\n<p><\/p>\n<p data-start=\"138\" data-end=\"240\">\n<\/span>\n\t\t\t\n\t\t\t\t\t\t<button type=\"button\" class=\"elementor-alert-dismiss\" aria-label=\"Dismiss this alert.\">\n\t\t\t\t\t\t\t\t\t<span aria-hidden=\"true\">&times;<\/span>\n\t\t\t\t\t\t\t<\/button>\n\t\t\t\n\t\t<\/div>\n\t\t\t\t\t\t<\/div>\n\t\t\t\t<\/div>\n\t\t\t\t<div class=\"elementor-element elementor-element-c1e5a15 elementor-nav-menu--dropdown-tablet elementor-nav-menu__text-align-aside elementor-nav-menu--toggle elementor-nav-menu--burger elementor-widget elementor-widget-nav-menu\" data-id=\"c1e5a15\" data-element_type=\"widget\" data-e-type=\"widget\" data-settings=\"{&quot;layout&quot;:&quot;horizontal&quot;,&quot;submenu_icon&quot;:{&quot;value&quot;:&quot;&lt;svg aria-hidden=\\&quot;true\\&quot; class=\\&quot;e-font-icon-svg e-fas-caret-down\\&quot; viewBox=\\&quot;0 0 320 512\\&quot; xmlns=\\&quot;http:\\\/\\\/www.w3.org\\\/2000\\\/svg\\&quot;&gt;&lt;path d=\\&quot;M31.3 192h257.3c17.8 0 26.7 21.5 14.1 34.1L174.1 354.8c-7.8 7.8-20.5 7.8-28.3 0L17.2 226.1C4.6 213.5 13.5 192 31.3 192z\\&quot;&gt;&lt;\\\/path&gt;&lt;\\\/svg&gt;&quot;,&quot;library&quot;:&quot;fa-solid&quot;},&quot;toggle&quot;:&quot;burger&quot;}\" data-widget_type=\"nav-menu.default\">\n\t\t\t\t<div class=\"elementor-widget-container\">\n\t\t\t\t\t\t\t\t<nav aria-label=\"Men\u00fa\" class=\"elementor-nav-menu--main elementor-nav-menu__container elementor-nav-menu--layout-horizontal e--pointer-underline e--animation-fade\">\n\t\t\t\t<ul id=\"menu-1-c1e5a15\" class=\"elementor-nav-menu\"><li class=\"menu-item menu-item-type-post_type menu-item-object-page menu-item-23933\"><a href=\"https:\/\/costaricaheaven.com\/video-articoli-costa-rica\/\" class=\"elementor-item\">V\u00eddeos y art\u00edculos sobre Costa Rica<\/a><\/li>\n<li class=\"menu-item menu-item-type-post_type menu-item-object-page menu-item-23934\"><a href=\"https:\/\/costaricaheaven.com\/galleria-foto-e-video\/\" class=\"elementor-item\">Galer\u00eda de fotos y v\u00eddeos<\/a><\/li>\n<li class=\"menu-item menu-item-type-taxonomy menu-item-object-category menu-item-23936\"><a href=\"https:\/\/costaricaheaven.com\/video-corso\/\" class=\"elementor-item\">Video Course: How to relocate to Costa Rica<\/a><\/li>\n<li class=\"menu-item menu-item-type-taxonomy menu-item-object-category menu-item-23937\"><a href=\"https:\/\/costaricaheaven.com\/faq\/village\/\" class=\"elementor-item\">Questions about the project Heaven One<\/a><\/li>\n<li class=\"menu-item menu-item-type-taxonomy menu-item-object-category menu-item-23938\"><a href=\"https:\/\/costaricaheaven.com\/faq\/costa-rica\/\" class=\"elementor-item\">Questions about Costa Rica<\/a><\/li>\n<\/ul>\t\t\t<\/nav>\n\t\t\t\t\t<div class=\"elementor-menu-toggle\" role=\"button\" tabindex=\"0\" aria-label=\"Alternar men\u00fa\" aria-expanded=\"false\">\n\t\t\t<svg aria-hidden=\"true\" role=\"presentation\" class=\"elementor-menu-toggle__icon--open e-font-icon-svg e-eicon-menu-bar\" viewBox=\"0 0 1000 1000\" xmlns=\"http:\/\/www.w3.org\/2000\/svg\"><path d=\"M104 333H896C929 333 958 304 958 271S929 208 896 208H104C71 208 42 237 42 271S71 333 104 333ZM104 583H896C929 583 958 554 958 521S929 458 896 458H104C71 458 42 487 42 521S71 583 104 583ZM104 833H896C929 833 958 804 958 771S929 708 896 708H104C71 708 42 737 42 771S71 833 104 833Z\"><\/path><\/svg><svg aria-hidden=\"true\" role=\"presentation\" class=\"elementor-menu-toggle__icon--close e-font-icon-svg e-eicon-close\" viewBox=\"0 0 1000 1000\" xmlns=\"http:\/\/www.w3.org\/2000\/svg\"><path d=\"M742 167L500 408 258 167C246 154 233 150 217 150 196 150 179 158 167 167 154 179 150 196 150 212 150 229 154 242 171 254L408 500 167 742C138 771 138 800 167 829 196 858 225 858 254 829L496 587 738 829C750 842 767 846 783 846 800 846 817 842 829 829 842 817 846 804 846 783 846 767 842 750 829 737L588 500 833 258C863 229 863 200 833 171 804 137 775 137 742 167Z\"><\/path><\/svg>\t\t<\/div>\n\t\t\t\t\t<nav class=\"elementor-nav-menu--dropdown elementor-nav-menu__container\" aria-hidden=\"true\">\n\t\t\t\t<ul id=\"menu-2-c1e5a15\" class=\"elementor-nav-menu\"><li class=\"menu-item menu-item-type-post_type menu-item-object-page menu-item-23933\"><a href=\"https:\/\/costaricaheaven.com\/video-articoli-costa-rica\/\" class=\"elementor-item\" tabindex=\"-1\">V\u00eddeos y art\u00edculos sobre Costa Rica<\/a><\/li>\n<li class=\"menu-item menu-item-type-post_type menu-item-object-page menu-item-23934\"><a href=\"https:\/\/costaricaheaven.com\/galleria-foto-e-video\/\" class=\"elementor-item\" tabindex=\"-1\">Galer\u00eda de fotos y v\u00eddeos<\/a><\/li>\n<li class=\"menu-item menu-item-type-taxonomy menu-item-object-category menu-item-23936\"><a href=\"https:\/\/costaricaheaven.com\/video-corso\/\" class=\"elementor-item\" tabindex=\"-1\">Video Course: How to relocate to Costa Rica<\/a><\/li>\n<li class=\"menu-item menu-item-type-taxonomy menu-item-object-category menu-item-23937\"><a href=\"https:\/\/costaricaheaven.com\/faq\/village\/\" class=\"elementor-item\" tabindex=\"-1\">Questions about the project Heaven One<\/a><\/li>\n<li class=\"menu-item menu-item-type-taxonomy menu-item-object-category menu-item-23938\"><a href=\"https:\/\/costaricaheaven.com\/faq\/costa-rica\/\" class=\"elementor-item\" tabindex=\"-1\">Questions about Costa Rica<\/a><\/li>\n<\/ul>\t\t\t<\/nav>\n\t\t\t\t\t\t<\/div>\n\t\t\t\t<\/div>\n\t\t\t\t<div class=\"elementor-element elementor-element-aba9cc2 elementor-grid-3 elementor-grid-tablet-2 elementor-grid-mobile-1 elementor-posts--thumbnail-top elementor-widget elementor-widget-posts\" data-id=\"aba9cc2\" data-element_type=\"widget\" data-e-type=\"widget\" data-settings=\"{&quot;classic_columns&quot;:&quot;3&quot;,&quot;classic_columns_tablet&quot;:&quot;2&quot;,&quot;classic_columns_mobile&quot;:&quot;1&quot;,&quot;classic_row_gap&quot;:{&quot;unit&quot;:&quot;px&quot;,&quot;size&quot;:35,&quot;sizes&quot;:[]},&quot;classic_row_gap_tablet&quot;:{&quot;unit&quot;:&quot;px&quot;,&quot;size&quot;:&quot;&quot;,&quot;sizes&quot;:[]},&quot;classic_row_gap_mobile&quot;:{&quot;unit&quot;:&quot;px&quot;,&quot;size&quot;:&quot;&quot;,&quot;sizes&quot;:[]}}\" data-widget_type=\"posts.classic\">\n\t\t\t\t<div class=\"elementor-widget-container\">\n\t\t\t\t\t\t\t<div class=\"elementor-posts-container elementor-posts elementor-posts--skin-classic elementor-grid\" role=\"list\">\n\t\t\t\t<article class=\"elementor-post elementor-grid-item post-26889 post type-post status-publish format-standard has-post-thumbnail hentry category-preguntas-sobre-el-proyecto-heaven-one\" role=\"listitem\">\n\t\t\t\t<a class=\"elementor-post__thumbnail__link\" href=\"https:\/\/costaricaheaven.com\/es\/preguntas-sobre-el-proyecto-heaven-one\/la-aldea-off-grid-la-inversion-del-futuro\/\" tabindex=\"-1\" >\n\t\t\t<div class=\"elementor-post__thumbnail\"><img fetchpriority=\"high\" decoding=\"async\" width=\"300\" height=\"200\" src=\"https:\/\/costaricaheaven.com\/wp-content\/uploads\/2025\/11\/The-Off-Grid-Village-The-Investment-of-the-Future-300x200.jpg\" class=\"attachment-medium size-medium wp-image-26887\" alt=\"\" srcset=\"https:\/\/costaricaheaven.com\/wp-content\/uploads\/2025\/11\/The-Off-Grid-Village-The-Investment-of-the-Future-300x200.jpg 300w, https:\/\/costaricaheaven.com\/wp-content\/uploads\/2025\/11\/The-Off-Grid-Village-The-Investment-of-the-Future-768x512.jpg 768w, https:\/\/costaricaheaven.com\/wp-content\/uploads\/2025\/11\/The-Off-Grid-Village-The-Investment-of-the-Future-105x70.jpg 105w, https:\/\/costaricaheaven.com\/wp-content\/uploads\/2025\/11\/The-Off-Grid-Village-The-Investment-of-the-Future.jpg 960w\" sizes=\"(max-width: 300px) 100vw, 300px\" \/><\/div>\n\t\t<\/a>\n\t\t\t\t<div class=\"elementor-post__text\">\n\t\t\t\t<h3 class=\"elementor-post__title\">\n\t\t\t<a href=\"https:\/\/costaricaheaven.com\/es\/preguntas-sobre-el-proyecto-heaven-one\/la-aldea-off-grid-la-inversion-del-futuro\/\" >\n\t\t\t\tLa aldea off-grid: la inversi\u00f3n del futuro\t\t\t<\/a>\n\t\t<\/h3>\n\t\t\t\t<\/div>\n\t\t\t\t<\/article>\n\t\t\t\t<article class=\"elementor-post elementor-grid-item post-26784 post type-post status-publish format-standard has-post-thumbnail hentry category-pura-vida-costa-rica-es\" role=\"listitem\">\n\t\t\t\t<a class=\"elementor-post__thumbnail__link\" href=\"https:\/\/costaricaheaven.com\/es\/pura-vida-costa-rica-es\/costa-rica-se-consolida-como-el-principal-refugio-para-millonarios-en-america-latina\/\" tabindex=\"-1\" >\n\t\t\t<div class=\"elementor-post__thumbnail\"><img decoding=\"async\" width=\"300\" height=\"200\" src=\"https:\/\/costaricaheaven.com\/wp-content\/uploads\/2025\/08\/Costa-Rica-in-vetta-e-Boom-di-Milionari-Ecco-perche-e-la-nuova-meta-preferita-in-America-Latina-1-300x200.jpg\" class=\"attachment-medium size-medium wp-image-26772\" alt=\"\" srcset=\"https:\/\/costaricaheaven.com\/wp-content\/uploads\/2025\/08\/Costa-Rica-in-vetta-e-Boom-di-Milionari-Ecco-perche-e-la-nuova-meta-preferita-in-America-Latina-1-300x200.jpg 300w, https:\/\/costaricaheaven.com\/wp-content\/uploads\/2025\/08\/Costa-Rica-in-vetta-e-Boom-di-Milionari-Ecco-perche-e-la-nuova-meta-preferita-in-America-Latina-1-768x512.jpg 768w, https:\/\/costaricaheaven.com\/wp-content\/uploads\/2025\/08\/Costa-Rica-in-vetta-e-Boom-di-Milionari-Ecco-perche-e-la-nuova-meta-preferita-in-America-Latina-1-105x70.jpg 105w, https:\/\/costaricaheaven.com\/wp-content\/uploads\/2025\/08\/Costa-Rica-in-vetta-e-Boom-di-Milionari-Ecco-perche-e-la-nuova-meta-preferita-in-America-Latina-1.jpg 960w\" sizes=\"(max-width: 300px) 100vw, 300px\" \/><\/div>\n\t\t<\/a>\n\t\t\t\t<div class=\"elementor-post__text\">\n\t\t\t\t<h3 class=\"elementor-post__title\">\n\t\t\t<a href=\"https:\/\/costaricaheaven.com\/es\/pura-vida-costa-rica-es\/costa-rica-se-consolida-como-el-principal-refugio-para-millonarios-en-america-latina\/\" >\n\t\t\t\tCosta Rica se consolida como el principal refugio para millonarios en Am\u00e9rica Latina\t\t\t<\/a>\n\t\t<\/h3>\n\t\t\t\t<\/div>\n\t\t\t\t<\/article>\n\t\t\t\t<article class=\"elementor-post elementor-grid-item post-26797 post type-post status-publish format-standard has-post-thumbnail hentry category-preguntas-sobre-costa-rica\" role=\"listitem\">\n\t\t\t\t<a class=\"elementor-post__thumbnail__link\" href=\"https:\/\/costaricaheaven.com\/es\/preguntas-sobre-costa-rica\/%f0%9f%8c%8e-comparacion-entre-costa-rica-venezuela-ecuador-mexico-y-nicaragua-clima-politica-moneda-seguridad-y-calidad-de-vida-en-2025\/\" tabindex=\"-1\" >\n\t\t\t<div class=\"elementor-post__thumbnail\"><img decoding=\"async\" width=\"300\" height=\"169\" src=\"https:\/\/costaricaheaven.com\/wp-content\/uploads\/2025\/06\/Dove-si-vive-meglio-300x169.jpg\" class=\"attachment-medium size-medium wp-image-26690\" alt=\"\" srcset=\"https:\/\/costaricaheaven.com\/wp-content\/uploads\/2025\/06\/Dove-si-vive-meglio-300x169.jpg 300w, https:\/\/costaricaheaven.com\/wp-content\/uploads\/2025\/06\/Dove-si-vive-meglio-1024x576.jpg 1024w, https:\/\/costaricaheaven.com\/wp-content\/uploads\/2025\/06\/Dove-si-vive-meglio-768x432.jpg 768w, https:\/\/costaricaheaven.com\/wp-content\/uploads\/2025\/06\/Dove-si-vive-meglio-255x143.jpg 255w, https:\/\/costaricaheaven.com\/wp-content\/uploads\/2025\/06\/Dove-si-vive-meglio-835x467.jpg 835w, https:\/\/costaricaheaven.com\/wp-content\/uploads\/2025\/06\/Dove-si-vive-meglio-1110x623.jpg 1110w, https:\/\/costaricaheaven.com\/wp-content\/uploads\/2025\/06\/Dove-si-vive-meglio.jpg 1280w\" sizes=\"(max-width: 300px) 100vw, 300px\" \/><\/div>\n\t\t<\/a>\n\t\t\t\t<div class=\"elementor-post__text\">\n\t\t\t\t<h3 class=\"elementor-post__title\">\n\t\t\t<a href=\"https:\/\/costaricaheaven.com\/es\/preguntas-sobre-costa-rica\/%f0%9f%8c%8e-comparacion-entre-costa-rica-venezuela-ecuador-mexico-y-nicaragua-clima-politica-moneda-seguridad-y-calidad-de-vida-en-2025\/\" >\n\t\t\t\t\ud83c\udf0e Comparaci\u00f3n entre Costa Rica, Venezuela, Ecuador, M\u00e9xico y Nicaragua: Clima, Pol\u00edtica, Moneda, Seguridad y Calidad de Vida en 2025\t\t\t<\/a>\n\t\t<\/h3>\n\t\t\t\t<\/div>\n\t\t\t\t<\/article>\n\t\t\t\t<article class=\"elementor-post elementor-grid-item post-26801 post type-post status-publish format-standard has-post-thumbnail hentry category-preguntas-sobre-costa-rica\" role=\"listitem\">\n\t\t\t\t<a class=\"elementor-post__thumbnail__link\" href=\"https:\/\/costaricaheaven.com\/es\/preguntas-sobre-costa-rica\/%f0%9f%8c%bf-que-tan-grande-debe-ser-un-jardin-para-cultivar-vegetales-en-costa-rica\/\" tabindex=\"-1\" >\n\t\t\t<div class=\"elementor-post__thumbnail\"><img loading=\"lazy\" decoding=\"async\" width=\"300\" height=\"169\" src=\"https:\/\/costaricaheaven.com\/wp-content\/uploads\/2025\/06\/orto-in-costa-rica-1-300x169.jpg\" class=\"attachment-medium size-medium wp-image-26687\" alt=\"\" srcset=\"https:\/\/costaricaheaven.com\/wp-content\/uploads\/2025\/06\/orto-in-costa-rica-1-300x169.jpg 300w, https:\/\/costaricaheaven.com\/wp-content\/uploads\/2025\/06\/orto-in-costa-rica-1-1024x576.jpg 1024w, https:\/\/costaricaheaven.com\/wp-content\/uploads\/2025\/06\/orto-in-costa-rica-1-768x432.jpg 768w, https:\/\/costaricaheaven.com\/wp-content\/uploads\/2025\/06\/orto-in-costa-rica-1-255x143.jpg 255w, https:\/\/costaricaheaven.com\/wp-content\/uploads\/2025\/06\/orto-in-costa-rica-1-835x467.jpg 835w, https:\/\/costaricaheaven.com\/wp-content\/uploads\/2025\/06\/orto-in-costa-rica-1-1110x623.jpg 1110w, https:\/\/costaricaheaven.com\/wp-content\/uploads\/2025\/06\/orto-in-costa-rica-1.jpg 1280w\" sizes=\"(max-width: 300px) 100vw, 300px\" \/><\/div>\n\t\t<\/a>\n\t\t\t\t<div class=\"elementor-post__text\">\n\t\t\t\t<h3 class=\"elementor-post__title\">\n\t\t\t<a href=\"https:\/\/costaricaheaven.com\/es\/preguntas-sobre-costa-rica\/%f0%9f%8c%bf-que-tan-grande-debe-ser-un-jardin-para-cultivar-vegetales-en-costa-rica\/\" >\n\t\t\t\t\ud83c\udf3f \u00bfQu\u00e9 tan grande debe ser un jard\u00edn para cultivar vegetales en Costa Rica?\t\t\t<\/a>\n\t\t<\/h3>\n\t\t\t\t<\/div>\n\t\t\t\t<\/article>\n\t\t\t\t<article class=\"elementor-post elementor-grid-item post-26800 post type-post status-publish format-standard has-post-thumbnail hentry category-preguntas-sobre-costa-rica\" role=\"listitem\">\n\t\t\t\t<a class=\"elementor-post__thumbnail__link\" href=\"https:\/\/costaricaheaven.com\/es\/preguntas-sobre-costa-rica\/%f0%9f%92%bc-iniciar-un-negocio-en-costa-rica-oportunidades-sectores-y-ventajas-para-extranjeros\/\" tabindex=\"-1\" >\n\t\t\t<div class=\"elementor-post__thumbnail\"><img loading=\"lazy\" decoding=\"async\" width=\"300\" height=\"169\" src=\"https:\/\/costaricaheaven.com\/wp-content\/uploads\/2025\/06\/5-300x169.jpg\" class=\"attachment-medium size-medium wp-image-26684\" alt=\"\" srcset=\"https:\/\/costaricaheaven.com\/wp-content\/uploads\/2025\/06\/5-300x169.jpg 300w, https:\/\/costaricaheaven.com\/wp-content\/uploads\/2025\/06\/5-1024x576.jpg 1024w, https:\/\/costaricaheaven.com\/wp-content\/uploads\/2025\/06\/5-768x432.jpg 768w, https:\/\/costaricaheaven.com\/wp-content\/uploads\/2025\/06\/5-255x143.jpg 255w, https:\/\/costaricaheaven.com\/wp-content\/uploads\/2025\/06\/5-835x467.jpg 835w, https:\/\/costaricaheaven.com\/wp-content\/uploads\/2025\/06\/5-1110x623.jpg 1110w, https:\/\/costaricaheaven.com\/wp-content\/uploads\/2025\/06\/5.jpg 1280w\" sizes=\"(max-width: 300px) 100vw, 300px\" \/><\/div>\n\t\t<\/a>\n\t\t\t\t<div class=\"elementor-post__text\">\n\t\t\t\t<h3 class=\"elementor-post__title\">\n\t\t\t<a href=\"https:\/\/costaricaheaven.com\/es\/preguntas-sobre-costa-rica\/%f0%9f%92%bc-iniciar-un-negocio-en-costa-rica-oportunidades-sectores-y-ventajas-para-extranjeros\/\" >\n\t\t\t\t\ud83d\udcbc Iniciar un negocio en Costa Rica: Oportunidades, sectores y ventajas para extranjeros\t\t\t<\/a>\n\t\t<\/h3>\n\t\t\t\t<\/div>\n\t\t\t\t<\/article>\n\t\t\t\t<article class=\"elementor-post elementor-grid-item post-26799 post type-post status-publish format-standard has-post-thumbnail hentry category-vacaciones-en-costa-rica\" role=\"listitem\">\n\t\t\t\t<a class=\"elementor-post__thumbnail__link\" href=\"https:\/\/costaricaheaven.com\/es\/vacaciones-en-costa-rica\/%f0%9f%94%a5-los-5-mejores-clubes-nocturnos-de-san-jose-costa-rica-tu-noche-nunca-termina\/\" tabindex=\"-1\" >\n\t\t\t<div class=\"elementor-post__thumbnail\"><img loading=\"lazy\" decoding=\"async\" width=\"300\" height=\"169\" src=\"https:\/\/costaricaheaven.com\/wp-content\/uploads\/2025\/06\/1-300x169.jpg\" class=\"attachment-medium size-medium wp-image-26681\" alt=\"\" srcset=\"https:\/\/costaricaheaven.com\/wp-content\/uploads\/2025\/06\/1-300x169.jpg 300w, https:\/\/costaricaheaven.com\/wp-content\/uploads\/2025\/06\/1-1024x576.jpg 1024w, https:\/\/costaricaheaven.com\/wp-content\/uploads\/2025\/06\/1-768x432.jpg 768w, https:\/\/costaricaheaven.com\/wp-content\/uploads\/2025\/06\/1-255x143.jpg 255w, https:\/\/costaricaheaven.com\/wp-content\/uploads\/2025\/06\/1-835x467.jpg 835w, https:\/\/costaricaheaven.com\/wp-content\/uploads\/2025\/06\/1-1110x623.jpg 1110w, https:\/\/costaricaheaven.com\/wp-content\/uploads\/2025\/06\/1.jpg 1280w\" sizes=\"(max-width: 300px) 100vw, 300px\" \/><\/div>\n\t\t<\/a>\n\t\t\t\t<div class=\"elementor-post__text\">\n\t\t\t\t<h3 class=\"elementor-post__title\">\n\t\t\t<a href=\"https:\/\/costaricaheaven.com\/es\/vacaciones-en-costa-rica\/%f0%9f%94%a5-los-5-mejores-clubes-nocturnos-de-san-jose-costa-rica-tu-noche-nunca-termina\/\" >\n\t\t\t\t\ud83d\udd25 Los 5 mejores clubes nocturnos de San Jos\u00e9 (Costa Rica): Tu noche nunca termina\t\t\t<\/a>\n\t\t<\/h3>\n\t\t\t\t<\/div>\n\t\t\t\t<\/article>\n\t\t\t\t<\/div>\n\t\t\n\t\t\t\t\t\t<\/div>\n\t\t\t\t<\/div>\n\t\t\t\t\t<\/div>\n\t\t\t\t<\/div>\n\t\t\t\t<\/div>\n\t\t","protected":false},"excerpt":{"rendered":"<p>Hemos recibido tu solicitud. Nuestro equipo revisar\u00e1 tu solicitud y se pondr\u00e1 en contacto contigo en un plazo de 2 d\u00edas h\u00e1biles. &times;<\/p>\n","protected":false},"author":1,"featured_media":0,"parent":0,"menu_order":0,"comment_status":"closed","ping_status":"closed","template":"","meta":{"footnotes":""},"class_list":["post-26721","page","type-page","status-publish","hentry"],"_links":{"self":[{"href":"https:\/\/costaricaheaven.com\/es\/wp-json\/wp\/v2\/pages\/26721","targetHints":{"allow":["GET"]}}],"collection":[{"href":"https:\/\/costaricaheaven.com\/es\/wp-json\/wp\/v2\/pages"}],"about":[{"href":"https:\/\/costaricaheaven.com\/es\/wp-json\/wp\/v2\/types\/page"}],"author":[{"embeddable":true,"href":"https:\/\/costaricaheaven.com\/es\/wp-json\/wp\/v2\/users\/1"}],"replies":[{"embeddable":true,"href":"https:\/\/costaricaheaven.com\/es\/wp-json\/wp\/v2\/comments?post=26721"}],"version-history":[{"count":0,"href":"https:\/\/costaricaheaven.com\/es\/wp-json\/wp\/v2\/pages\/26721\/revisions"}],"wp:attachment":[{"href":"https:\/\/costaricaheaven.com\/es\/wp-json\/wp\/v2\/media?parent=26721"}],"curies":[{"name":"wp","href":"https:\/\/api.w.org\/{rel}","templated":true}]}}