{"id":26717,"date":"2024-05-03T12:39:30","date_gmt":"2024-05-03T10:39:30","guid":{"rendered":"https:\/\/costaricaheaven.com\/obten-mas-informacion-completa-el-formulario\/"},"modified":"2024-05-03T12:39:30","modified_gmt":"2024-05-03T10:39:30","slug":"obten-mas-informacion-completa-el-formulario","status":"publish","type":"page","link":"https:\/\/costaricaheaven.com\/es\/obten-mas-informacion-completa-el-formulario\/","title":{"rendered":"Obt\u00e9n m\u00e1s informaci\u00f3n: completa el formulario."},"content":{"rendered":"<p>Te recomendamos completar el siguiente formulario solo si ya has le\u00eddo c\u00f3mo funciona unirse al proyecto Heaven en <a href=\"https:\/\/costaricaheaven.com\/entra-heaven-one\/\">este enlace<\/a>. Tambi\u00e9n puedes encontrar respuestas a las preguntas frecuentes en <a href=\"https:\/\/costaricaheaven.com\/domande-frequenti\/\">este otro enlace<\/a>.<\/p>\n<p>Una vez que hayas le\u00eddo estas p\u00e1ginas, podr\u00e1s completar el cuestionario, lo cual te permitir\u00e1 recibir el folleto actualizado en PDF, la lista de precios de los terrenos disponibles y ponerte en contacto con nuestra oficina en Costa Rica, que podr\u00e1 asistirte y responder a todas tus preguntas.<\/p>\n<p><script type=\"text\/javascript\" src=\"https:\/\/form.jotform.com\/jsform\/241774406351354\"><\/script><\/p>\n","protected":false},"excerpt":{"rendered":"<p>Te recomendamos completar el siguiente formulario solo si ya has le\u00eddo c\u00f3mo funciona unirse al proyecto Heaven en este enlace. Tambi\u00e9n puedes encontrar respuestas a las preguntas frecuentes en este otro enlace. Una vez que hayas le\u00eddo estas p\u00e1ginas, podr\u00e1s completar el cuestionario, lo cual te permitir\u00e1 recibir el folleto actualizado en PDF, la lista de precios de los terrenos disponibles y ponerte en &#8230;<\/p>\n","protected":false},"author":1,"featured_media":0,"parent":0,"menu_order":0,"comment_status":"closed","ping_status":"closed","template":"","meta":{"footnotes":""},"class_list":["post-26717","page","type-page","status-publish","hentry"],"_links":{"self":[{"href":"https:\/\/costaricaheaven.com\/es\/wp-json\/wp\/v2\/pages\/26717","targetHints":{"allow":["GET"]}}],"collection":[{"href":"https:\/\/costaricaheaven.com\/es\/wp-json\/wp\/v2\/pages"}],"about":[{"href":"https:\/\/costaricaheaven.com\/es\/wp-json\/wp\/v2\/types\/page"}],"author":[{"embeddable":true,"href":"https:\/\/costaricaheaven.com\/es\/wp-json\/wp\/v2\/users\/1"}],"replies":[{"embeddable":true,"href":"https:\/\/costaricaheaven.com\/es\/wp-json\/wp\/v2\/comments?post=26717"}],"version-history":[{"count":0,"href":"https:\/\/costaricaheaven.com\/es\/wp-json\/wp\/v2\/pages\/26717\/revisions"}],"wp:attachment":[{"href":"https:\/\/costaricaheaven.com\/es\/wp-json\/wp\/v2\/media?parent=26717"}],"curies":[{"name":"wp","href":"https:\/\/api.w.org\/{rel}","templated":true}]}}