{"id":26710,"date":"2024-04-30T12:05:44","date_gmt":"2024-04-30T10:05:44","guid":{"rendered":"https:\/\/costaricaheaven.com\/contacte-con-nuestro-servicio-de-atencion-al-cliente-2\/"},"modified":"2024-04-30T12:05:44","modified_gmt":"2024-04-30T10:05:44","slug":"contacte-con-nuestro-servicio-de-atencion-al-cliente-2","status":"publish","type":"page","link":"https:\/\/costaricaheaven.com\/es\/contacte-con-nuestro-servicio-de-atencion-al-cliente-2\/","title":{"rendered":"Contacte con nuestro servicio de atenci\u00f3n al cliente."},"content":{"rendered":"<p>Utilice esta p\u00e1gina para contactar con nuestro servicio de soporte. Le recordamos que estamos abiertos de lunes a viernes; nuestro personal trabaja en varias ubicaciones, incluyendo Costa Rica, que tiene una diferencia horaria de 6 a 9 horas con respecto a Italia. Nuestro objetivo es responder a sus consultas dentro de 2 d\u00edas h\u00e1biles.<\/p>\n<p>Le recordamos que en la secci\u00f3n de <a href=\"https:\/\/costaricaheaven.com\/domande-frequenti\/\">PREGUNTAS FRECUENTES<\/a> puede encontrar muchas respuestas a las preguntas m\u00e1s comunes tanto sobre el proyecto Heaven One como sobre Costa Rica.<\/p>\n<p><script type=\"text\/javascript\" src=\"https:\/\/form.jotform.com\/jsform\/241774072438359\"><\/script><\/p>\n","protected":false},"excerpt":{"rendered":"<p>Utilice esta p\u00e1gina para contactar con nuestro servicio de soporte. Le recordamos que estamos abiertos de lunes a viernes; nuestro personal trabaja en varias ubicaciones, incluyendo Costa Rica, que tiene una diferencia horaria de 6 a 9 horas con respecto a Italia. Nuestro objetivo es responder a sus consultas dentro de 2 d\u00edas h\u00e1biles. Le recordamos que en la secci\u00f3n de PREGUNTAS FRECUENTES puede &#8230;<\/p>\n","protected":false},"author":1,"featured_media":0,"parent":0,"menu_order":0,"comment_status":"closed","ping_status":"closed","template":"","meta":{"footnotes":""},"class_list":["post-26710","page","type-page","status-publish","hentry"],"_links":{"self":[{"href":"https:\/\/costaricaheaven.com\/es\/wp-json\/wp\/v2\/pages\/26710","targetHints":{"allow":["GET"]}}],"collection":[{"href":"https:\/\/costaricaheaven.com\/es\/wp-json\/wp\/v2\/pages"}],"about":[{"href":"https:\/\/costaricaheaven.com\/es\/wp-json\/wp\/v2\/types\/page"}],"author":[{"embeddable":true,"href":"https:\/\/costaricaheaven.com\/es\/wp-json\/wp\/v2\/users\/1"}],"replies":[{"embeddable":true,"href":"https:\/\/costaricaheaven.com\/es\/wp-json\/wp\/v2\/comments?post=26710"}],"version-history":[{"count":0,"href":"https:\/\/costaricaheaven.com\/es\/wp-json\/wp\/v2\/pages\/26710\/revisions"}],"wp:attachment":[{"href":"https:\/\/costaricaheaven.com\/es\/wp-json\/wp\/v2\/media?parent=26710"}],"curies":[{"name":"wp","href":"https:\/\/api.w.org\/{rel}","templated":true}]}}